{"id":1058,"date":"2013-06-19T07:47:36","date_gmt":"2013-06-19T07:47:36","guid":{"rendered":"http:\/\/www.getair.eu\/klima-agrar-industrie\/?page_id=1058"},"modified":"2022-07-13T08:05:53","modified_gmt":"2022-07-13T08:05:53","slug":"selbststandige-ausfuhrung-wsk-15-110","status":"publish","type":"page","link":"https:\/\/www.getair.eu\/klima-agrar-industrie\/produkte\/klima-industrie\/ventilator-verschlussklappen\/selbststandige-ausfuhrung-wsk-15-110\/","title":{"rendered":"WSK &#8211; Selbstt\u00e4tig"},"content":{"rendered":"<h3>Typ WSK<\/h3>\n<ul>\n<li>Kunststoff-Ventilator-Verschlussklappe zur Entl\u00fcftung<\/li>\n<li>Selbstt\u00e4tig \u00f6ffnende und schlie\u00dfende Lamellen<\/li>\n<li>Au\u00dfenwitterungs-Best\u00e4ndigkeit (UV-stabil)<\/li>\n<li>Einsetzbar in Temperaturbereichen von -30 \u00b0C bis +60 \u00b0C<\/li>\n<li>Maximale Str\u00f6mungsgeschwindigkeit 10 m\/s f\u00fcr WSK 15 bis 85<\/li>\n<li>Maximale Str\u00f6mungsgeschwindigkeit 15 m\/s ab WSK 90<\/li>\n<li>\u00d6ffnungswinkel 85\u00b0<\/li>\n<li>Spezifisch ausgelegte Konstruktion garantiert eine lange Lebensdauer<\/li>\n<li>Hergestellt aus Qualit\u00e4tskunststoff mit positiver \u00d6kobilanz<\/li>\n<li>Anzahl der Lamellen variiert mit Gr\u00f6\u00dfe der Verschlussklappe<\/li>\n<li>WSK 55 \u2013 65 ein Feld mit Mittelsteg<\/li>\n<li>WSK 70 \u2013 85 zwei Felder<\/li>\n<li>Ab WSK 90 drei Felder; Lieferung in drei Teilen zur Selbstmontage<\/li>\n<li>Ab WSK 70 besitzt jedes Feld vier Befestigungsecken mit Langloch (siehe Bild Seite 30 Abb. 6)<\/li>\n<li>Jede Verschlussklappe ist einzeln im Karton verpackt inkl. eines Befestigungssatzes<br \/>\n(Bohrungsdurchmesser5 mm) Ausnahme: WSK 12 und WSK S 16<\/li>\n<li>Als Sondergr\u00f6\u00dfe (WSK-S) in allen Gr\u00f6\u00dfen lieferbar<\/li>\n<\/ul>\n<p><a class=\"alignleft\" href=\"http:\/\/www.getair.eu\/klima-agrar-industrie\/wp-content\/uploads\/2013\/06\/WSK_Produktbild.jpg\" rel=\"lightbox[produktbilder]\"><span class=\"view-data\">Produktbilder<\/span><img class=\"alignnone wp-image-104\" src=\"http:\/\/www.getair.eu\/klima-agrar-industrie\/wp-content\/uploads\/2013\/06\/WSK_Produktbild_Content_Thumb.jpg\" alt=\"produktbild\"><\/a><a class=\"alignleft\" href=\"http:\/\/www.getair.eu\/klima-agrar-industrie\/wp-content\/uploads\/2013\/06\/WSK_Druckverlust10-12.jpg\" rel=\"lightbox[druckverlust]\"><span class=\"view-data\">Druckverluste<\/span><img class=\"alignnone wp-image-104\" src=\"http:\/\/www.getair.eu\/klima-agrar-industrie\/wp-content\/uploads\/2013\/06\/WSK_Druckverlust10-12_Content_Thumb.jpg\" alt=\"zeichnung\"><\/a><a class=\"alignleft\" href=\"http:\/\/www.getair.eu\/klima-agrar-industrie\/wp-content\/uploads\/2013\/06\/WSK_Zeichnung10.jpg\" rel=\"lightbox[zeichnungen]\"><span class=\"view-data\">Zeichnungen<\/span><img class=\"alignnone wp-image-104\" src=\"http:\/\/www.getair.eu\/klima-agrar-industrie\/wp-content\/uploads\/2013\/06\/WSK_Zeichnung10_Content_Thumb.jpg\" alt=\"zeichnung\"><\/a><\/p>\n<div class=\"clear\">&nbsp;<\/div>\n<h2>&nbsp;<\/h2>\n<table style=\"width: 100%;\">\n<tbody>\n<tr>\n<th style=\"width: 12.594%;\" rowspan=\"2\">Typ<\/th>\n<th style=\"width: 27.5689%;\" colspan=\"2\">Artikelnummer<\/th>\n<th style=\"width: 5.38847%;\" rowspan=\"2\">D<\/th>\n<th style=\"width: 7.0802%;\" rowspan=\"2\">H\/B<\/th>\n<th style=\"width: 5.57644%;\" rowspan=\"2\">LB<\/th>\n<th style=\"width: 5.57644%;\" rowspan=\"2\">LH<\/th>\n<th style=\"width: 4.57393%;\" rowspan=\"2\">T<\/th>\n<th style=\"width: 4.26065%;\" rowspan=\"2\">S<\/th>\n<th style=\"width: 5.45113%;\" rowspan=\"2\">D2<\/th>\n<th style=\"width: 16.8546%;\" rowspan=\"2\">Freier Querschnitt (cm\u00b2)<\/th>\n<\/tr>\n<tr>\n<th class=\"darker\" style=\"width: 13.4712%;\">Hellgrau<\/th>\n<th class=\"darker\" style=\"width: 14.0977%;\">Wei\u00df<\/th>\n<\/tr>\n<tr>\n<td style=\"width: 12.594%;\">WSK 10<\/td>\n<td style=\"width: 13.4712%;\">&#8211;<\/td>\n<td style=\"width: 14.0977%;\">20000000<\/td>\n<td style=\"width: 5.38847%;\">93<\/td>\n<td style=\"width: 7.0802%;\">123<\/td>\n<td style=\"width: 5.57644%;\">90<\/td>\n<td style=\"width: 5.57644%;\">80<\/td>\n<td style=\"width: 4.57393%;\">12<\/td>\n<td style=\"width: 4.26065%;\">13<\/td>\n<td style=\"width: 5.45113%;\">98<\/td>\n<td style=\"width: 16.8546%;\">66<\/td>\n<\/tr>\n<tr>\n<td style=\"width: 12.594%;\">WSK 12<\/td>\n<td style=\"width: 13.4712%;\">20000011<\/td>\n<td style=\"width: 14.0977%;\">20000012<\/td>\n<td style=\"width: 5.38847%;\">129<\/td>\n<td style=\"width: 7.0802%;\">160<\/td>\n<td style=\"width: 5.57644%;\">110<\/td>\n<td style=\"width: 5.57644%;\">110<\/td>\n<td style=\"width: 4.57393%;\">15<\/td>\n<td style=\"width: 4.26065%;\">&#8211;<\/td>\n<td style=\"width: 5.45113%;\">&#8211;<\/td>\n<td style=\"width: 16.8546%;\">127<\/td>\n<\/tr>\n<tr>\n<td style=\"width: 12.594%;\">WSK S 16<\/td>\n<td style=\"width: 13.4712%;\">20000021<\/td>\n<td style=\"width: 14.0977%;\">20000020<\/td>\n<td style=\"width: 5.38847%;\">147<\/td>\n<td style=\"width: 7.0802%;\">180<\/td>\n<td style=\"width: 5.57644%;\">130<\/td>\n<td style=\"width: 5.57644%;\">130<\/td>\n<td style=\"width: 4.57393%;\">20<\/td>\n<td style=\"width: 4.26065%;\">25<\/td>\n<td style=\"width: 5.45113%;\">152<\/td>\n<td style=\"width: 16.8546%;\">164<\/td>\n<\/tr>\n<\/tbody>\n<\/table>\n<p class=\"table_info\">Ma\u00dfangaben in mm. Technische \u00c4nderungen vorbehalten \u2013 wei\u00df ~ RAL 9010 &#8211; hellgrau ~ RAL 7035<\/p>\n<p>&nbsp;<\/p>\n<table style=\"width: 100%;\">\n<tbody>\n<tr style=\"height: 23px;\">\n<th style=\"width: 11.7168%; height: 46px;\" rowspan=\"2\">Typ<\/th>\n<th style=\"width: 26.9424%; height: 23px;\">Artikelnummer<\/th>\n<th style=\"width: 6.76692%; height: 46px;\" rowspan=\"2\">D<\/th>\n<th style=\"width: 6.57895%; height: 46px;\" rowspan=\"2\">H\/B<\/th>\n<th style=\"width: 6.32832%; height: 46px;\" rowspan=\"2\">LA<\/th>\n<th style=\"width: 3.94737%; height: 46px;\" rowspan=\"2\">T<\/th>\n<th style=\"width: 10.3724%; height: 46px;\" rowspan=\"2\">St\u00fcck\/Karton<\/th>\n<th style=\"width: 25.7907%; height: 46px;\" rowspan=\"2\">Freier Querschnitt (cm\u00b2)<\/th>\n<\/tr>\n<tr style=\"height: 23px;\">\n<th class=\"darker\" style=\"width: 26.9424%; height: 23px;\">Hellgrau<\/th>\n<\/tr>\n<tr style=\"height: 23px;\">\n<td style=\"width: 11.7168%; height: 23px;\">WSK 15<\/td>\n<td style=\"width: 26.9424%; height: 23px;\">20000031<\/td>\n<td style=\"width: 6.76692%; height: 23px;\">159<\/td>\n<td style=\"width: 6.57895%; height: 23px;\">195<\/td>\n<td style=\"width: 6.32832%; height: 23px;\">140<\/td>\n<td style=\"width: 3.94737%; height: 23px;\">22<\/td>\n<td style=\"width: 10.3724%; height: 23px;\">50<\/td>\n<td style=\"width: 25.7907%; height: 23px;\">196<\/td>\n<\/tr>\n<tr style=\"height: 23px;\">\n<td style=\"width: 11.7168%; height: 23px;\">WSK 20<\/td>\n<td style=\"width: 26.9424%; height: 23px;\">20000041<\/td>\n<td style=\"width: 6.76692%; height: 23px;\">210<\/td>\n<td style=\"width: 6.57895%; height: 23px;\">243<\/td>\n<td style=\"width: 6.32832%; height: 23px;\">182<\/td>\n<td style=\"width: 3.94737%; height: 23px;\">21<\/td>\n<td style=\"width: 10.3724%; height: 23px;\">50<\/td>\n<td style=\"width: 25.7907%; height: 23px;\">336<\/td>\n<\/tr>\n<tr style=\"height: 23px;\">\n<td style=\"width: 11.7168%; height: 23px;\">WSK 25<\/td>\n<td style=\"width: 26.9424%; height: 23px;\">20000051<\/td>\n<td style=\"width: 6.76692%; height: 23px;\">258<\/td>\n<td style=\"width: 6.57895%; height: 23px;\">294<\/td>\n<td style=\"width: 6.32832%; height: 23px;\">232<\/td>\n<td style=\"width: 3.94737%; height: 23px;\">26<\/td>\n<td style=\"width: 10.3724%; height: 23px;\">30<\/td>\n<td style=\"width: 25.7907%; height: 23px;\">507<\/td>\n<\/tr>\n<tr style=\"height: 23px;\">\n<td style=\"width: 11.7168%; height: 23px;\">WSK 30<\/td>\n<td style=\"width: 26.9424%; height: 23px;\">20000061<\/td>\n<td style=\"width: 6.76692%; height: 23px;\">310<\/td>\n<td style=\"width: 6.57895%; height: 23px;\">346<\/td>\n<td style=\"width: 6.32832%; height: 23px;\">276<\/td>\n<td style=\"width: 3.94737%; height: 23px;\">26<\/td>\n<td style=\"width: 10.3724%; height: 23px;\">25<\/td>\n<td style=\"width: 25.7907%; height: 23px;\">732<\/td>\n<\/tr>\n<tr style=\"height: 23px;\">\n<td style=\"width: 11.7168%; height: 23px;\">WSK 35<\/td>\n<td style=\"width: 26.9424%; height: 23px;\">20000071<\/td>\n<td style=\"width: 6.76692%; height: 23px;\">360<\/td>\n<td style=\"width: 6.57895%; height: 23px;\">397<\/td>\n<td style=\"width: 6.32832%; height: 23px;\">310<\/td>\n<td style=\"width: 3.94737%; height: 23px;\">26<\/td>\n<td style=\"width: 10.3724%; height: 23px;\">20<\/td>\n<td style=\"width: 25.7907%; height: 23px;\">987<\/td>\n<\/tr>\n<tr style=\"height: 23px;\">\n<td style=\"width: 11.7168%; height: 23px;\">WSK 40<\/td>\n<td style=\"width: 26.9424%; height: 23px;\">20000081<\/td>\n<td style=\"width: 6.76692%; height: 23px;\">422<\/td>\n<td style=\"width: 6.57895%; height: 23px;\">462<\/td>\n<td style=\"width: 6.32832%; height: 23px;\">366<\/td>\n<td style=\"width: 3.94737%; height: 23px;\">26<\/td>\n<td style=\"width: 10.3724%; height: 23px;\">10<\/td>\n<td style=\"width: 25.7907%; height: 23px;\">1356<\/td>\n<\/tr>\n<tr style=\"height: 23px;\">\n<td style=\"width: 11.7168%; height: 23px;\">WSK 45<\/td>\n<td style=\"width: 26.9424%; height: 23px;\">20000091<\/td>\n<td style=\"width: 6.76692%; height: 23px;\">462<\/td>\n<td style=\"width: 6.57895%; height: 23px;\">501<\/td>\n<td style=\"width: 6.32832%; height: 23px;\">395<\/td>\n<td style=\"width: 3.94737%; height: 23px;\">31<\/td>\n<td style=\"width: 10.3724%; height: 23px;\">10<\/td>\n<td style=\"width: 25.7907%; height: 23px;\">1626<\/td>\n<\/tr>\n<tr style=\"height: 23px;\">\n<td style=\"width: 11.7168%; height: 23px;\">WSK 50<\/td>\n<td style=\"width: 26.9424%; height: 23px;\">20000101<\/td>\n<td style=\"width: 6.76692%; height: 23px;\">505<\/td>\n<td style=\"width: 6.57895%; height: 23px;\">548<\/td>\n<td style=\"width: 6.32832%; height: 23px;\">443<\/td>\n<td style=\"width: 3.94737%; height: 23px;\">31<\/td>\n<td style=\"width: 10.3724%; height: 23px;\">5<\/td>\n<td style=\"width: 25.7907%; height: 23px;\">1942<\/td>\n<\/tr>\n<tr style=\"height: 23px;\">\n<td style=\"width: 11.7168%; height: 23px;\">WSK 55*<\/td>\n<td style=\"width: 26.9424%; height: 23px;\">20000111<\/td>\n<td style=\"width: 6.76692%; height: 23px;\">563<\/td>\n<td style=\"width: 6.57895%; height: 23px;\">603<\/td>\n<td style=\"width: 6.32832%; height: 23px;\">520<\/td>\n<td style=\"width: 3.94737%; height: 23px;\">28<\/td>\n<td style=\"width: 10.3724%; height: 23px;\">5<\/td>\n<td style=\"width: 25.7907%; height: 23px;\">3019<\/td>\n<\/tr>\n<tr style=\"height: 23px;\">\n<td style=\"width: 11.7168%; height: 23px;\">WSK 65*<\/td>\n<td style=\"width: 26.9424%; height: 23px;\">20000121<\/td>\n<td style=\"width: 6.76692%; height: 23px;\">655<\/td>\n<td style=\"width: 6.57895%; height: 23px;\">696<\/td>\n<td style=\"width: 6.32832%; height: 23px;\">628<\/td>\n<td style=\"width: 3.94737%; height: 23px;\">31<\/td>\n<td style=\"width: 10.3724%; height: 23px;\">5<\/td>\n<td style=\"width: 25.7907%; height: 23px;\">3969<\/td>\n<\/tr>\n<tr style=\"height: 23px;\">\n<td style=\"width: 11.7168%; height: 23px;\">WSK 70**<\/td>\n<td style=\"width: 26.9424%; height: 23px;\">20000201<\/td>\n<td style=\"width: 6.76692%; height: 23px;\">700<\/td>\n<td style=\"width: 6.57895%; height: 23px;\">740<\/td>\n<td style=\"width: 6.32832%; height: 23px;\">672<\/td>\n<td style=\"width: 3.94737%; height: 23px;\">40<\/td>\n<td style=\"width: 10.3724%; height: 23px;\">1<\/td>\n<td style=\"width: 25.7907%; height: 23px;\">4586<\/td>\n<\/tr>\n<tr style=\"height: 23px;\">\n<td style=\"width: 11.7168%; height: 23px;\">WSK 71**<\/td>\n<td style=\"width: 26.9424%; height: 23px;\">20000203<\/td>\n<td style=\"width: 6.76692%; height: 23px;\">720<\/td>\n<td style=\"width: 6.57895%; height: 23px;\">760<\/td>\n<td style=\"width: 6.32832%; height: 23px;\">692<\/td>\n<td style=\"width: 3.94737%; height: 23px;\">40<\/td>\n<td style=\"width: 10.3724%; height: 23px;\">1<\/td>\n<td style=\"width: 25.7907%; height: 23px;\">4859<\/td>\n<\/tr>\n<tr style=\"height: 23px;\">\n<td style=\"width: 11.7168%; height: 23px;\">WSK 75**<\/td>\n<td style=\"width: 26.9424%; height: 23px;\">20000205<\/td>\n<td style=\"width: 6.76692%; height: 23px;\">750<\/td>\n<td style=\"width: 6.57895%; height: 23px;\">790<\/td>\n<td style=\"width: 6.32832%; height: 23px;\">722<\/td>\n<td style=\"width: 3.94737%; height: 23px;\">40<\/td>\n<td style=\"width: 10.3724%; height: 23px;\">1<\/td>\n<td style=\"width: 25.7907%; height: 23px;\">5213<\/td>\n<\/tr>\n<tr style=\"height: 23px;\">\n<td style=\"width: 11.7168%; height: 23px;\">WSK 80**<\/td>\n<td style=\"width: 26.9424%; height: 23px;\">20000207<\/td>\n<td style=\"width: 6.76692%; height: 23px;\">800<\/td>\n<td style=\"width: 6.57895%; height: 23px;\">840<\/td>\n<td style=\"width: 6.32832%; height: 23px;\">772<\/td>\n<td style=\"width: 3.94737%; height: 23px;\">40<\/td>\n<td style=\"width: 10.3724%; height: 23px;\">1<\/td>\n<td style=\"width: 25.7907%; height: 23px;\">6031<\/td>\n<\/tr>\n<tr style=\"height: 23px;\">\n<td style=\"width: 11.7168%; height: 23px;\">WSK 85**<\/td>\n<td style=\"width: 26.9424%; height: 23px;\">20000209<\/td>\n<td style=\"width: 6.76692%; height: 23px;\">850<\/td>\n<td style=\"width: 6.57895%; height: 23px;\">890<\/td>\n<td style=\"width: 6.32832%; height: 23px;\">822<\/td>\n<td style=\"width: 3.94737%; height: 23px;\">40<\/td>\n<td style=\"width: 10.3724%; height: 23px;\">1<\/td>\n<td style=\"width: 25.7907%; height: 23px;\">6581<\/td>\n<\/tr>\n<tr style=\"height: 23px;\">\n<td style=\"width: 11.7168%; height: 23px;\">WSK 90***<\/td>\n<td style=\"width: 26.9424%; height: 23px;\">20000211<\/td>\n<td style=\"width: 6.76692%; height: 23px;\">900<\/td>\n<td style=\"width: 6.57895%; height: 23px;\">940<\/td>\n<td style=\"width: 6.32832%; height: 23px;\">872<\/td>\n<td style=\"width: 3.94737%; height: 23px;\">40<\/td>\n<td style=\"width: 10.3724%; height: 23px;\">1<\/td>\n<td style=\"width: 25.7907%; height: 23px;\">6926<\/td>\n<\/tr>\n<tr style=\"height: 23px;\">\n<td style=\"width: 11.7168%; height: 23px;\">WSK 95***<\/td>\n<td style=\"width: 26.9424%; height: 23px;\">20000213<\/td>\n<td style=\"width: 6.76692%; height: 23px;\">950<\/td>\n<td style=\"width: 6.57895%; height: 23px;\">990<\/td>\n<td style=\"width: 6.32832%; height: 23px;\">922<\/td>\n<td style=\"width: 3.94737%; height: 23px;\">40<\/td>\n<td style=\"width: 10.3724%; height: 23px;\">1<\/td>\n<td style=\"width: 25.7907%; height: 23px;\">8235<\/td>\n<\/tr>\n<tr style=\"height: 23px;\">\n<td style=\"width: 11.7168%; height: 23px;\">WSK 100***<\/td>\n<td style=\"width: 26.9424%; height: 23px;\">20000215<\/td>\n<td style=\"width: 6.76692%; height: 23px;\">1000<\/td>\n<td style=\"width: 6.57895%; height: 23px;\">1040<\/td>\n<td style=\"width: 6.32832%; height: 23px;\">972<\/td>\n<td style=\"width: 3.94737%; height: 23px;\">40<\/td>\n<td style=\"width: 10.3724%; height: 23px;\">1<\/td>\n<td style=\"width: 25.7907%; height: 23px;\">9171<\/td>\n<\/tr>\n<tr style=\"height: 23px;\">\n<td style=\"width: 11.7168%; height: 23px;\">WSK 110***<\/td>\n<td style=\"width: 26.9424%; height: 23px;\">20000305<\/td>\n<td style=\"width: 6.76692%; height: 23px;\">1100<\/td>\n<td style=\"width: 6.57895%; height: 23px;\">1140<\/td>\n<td style=\"width: 6.32832%; height: 23px;\">1072<\/td>\n<td style=\"width: 3.94737%; height: 23px;\">40<\/td>\n<td style=\"width: 10.3724%; height: 23px;\">1<\/td>\n<td style=\"width: 25.7907%; height: 23px;\">11159<\/td>\n<\/tr>\n<\/tbody>\n<\/table>\n<p class=\"table_info\">Ma\u00dfangaben in mm. Technische \u00c4nderungen vorbehalten \u2013 wei\u00df ~ RAL 9010 &#8211; hellgrau ~ RAL 7035&nbsp; &nbsp;*ein Feld mit Mittelsteg \/ **zwei Felder \/ ***drei Felder<\/p>\n<div style=\"display: none;\"><a href=\"http:\/\/www.getair.eu\/klima-agrar-industrie\/wp-content\/uploads\/2013\/06\/WSK_Produktbild2.jpg\" rel=\"lightbox[produktbilder]\"><img loading=\"lazy\" class=\"alignnone size-full wp-image-1761\" src=\"http:\/\/www.getair.eu\/klima-agrar-industrie\/wp-content\/uploads\/2013\/04\/bauelemente-lufttechnik.jpg\" alt=\"bauelemente-lufttechnik\" width=\"0\" height=\"0\" srcset=\"https:\/\/www.getair.eu\/klima-agrar-industrie\/wp-content\/uploads\/2013\/04\/bauelemente-lufttechnik.jpg 226w, https:\/\/www.getair.eu\/klima-agrar-industrie\/wp-content\/uploads\/2013\/04\/bauelemente-lufttechnik-150x150.jpg 150w\" sizes=\"(max-width: 226px) 100vw, 226px\" \/><\/a><a href=\"http:\/\/www.getair.eu\/klima-agrar-industrie\/wp-content\/uploads\/2013\/06\/WSK_Druckverlust15-50.jpg\" rel=\"lightbox[druckverlust]\"><img loading=\"lazy\" class=\"alignnone size-full wp-image-1761\" src=\"http:\/\/www.getair.eu\/klima-agrar-industrie\/wp-content\/uploads\/2013\/04\/bauelemente-lufttechnik.jpg\" alt=\"bauelemente-lufttechnik\" width=\"0\" height=\"0\" srcset=\"https:\/\/www.getair.eu\/klima-agrar-industrie\/wp-content\/uploads\/2013\/04\/bauelemente-lufttechnik.jpg 226w, https:\/\/www.getair.eu\/klima-agrar-industrie\/wp-content\/uploads\/2013\/04\/bauelemente-lufttechnik-150x150.jpg 150w\" sizes=\"(max-width: 226px) 100vw, 226px\" \/><\/a><a href=\"http:\/\/www.getair.eu\/klima-agrar-industrie\/wp-content\/uploads\/2013\/06\/WSK_Druckverlust55-110.jpg\" rel=\"lightbox[druckverlust]\"><img loading=\"lazy\" class=\"alignnone size-full wp-image-1761\" src=\"http:\/\/www.getair.eu\/klima-agrar-industrie\/wp-content\/uploads\/2013\/04\/bauelemente-lufttechnik.jpg\" alt=\"bauelemente-lufttechnik\" width=\"0\" height=\"0\" srcset=\"https:\/\/www.getair.eu\/klima-agrar-industrie\/wp-content\/uploads\/2013\/04\/bauelemente-lufttechnik.jpg 226w, https:\/\/www.getair.eu\/klima-agrar-industrie\/wp-content\/uploads\/2013\/04\/bauelemente-lufttechnik-150x150.jpg 150w\" sizes=\"(max-width: 226px) 100vw, 226px\" \/><\/a><a href=\"http:\/\/www.getair.eu\/klima-agrar-industrie\/wp-content\/uploads\/2013\/06\/WSK_Zeichnung12.jpg\" rel=\"lightbox[zeichnungen]\"><img loading=\"lazy\" class=\"alignnone size-full wp-image-1761\" src=\"http:\/\/www.getair.eu\/klima-agrar-industrie\/wp-content\/uploads\/2013\/04\/bauelemente-lufttechnik.jpg\" alt=\"bauelemente-lufttechnik\" width=\"0\" height=\"0\" srcset=\"https:\/\/www.getair.eu\/klima-agrar-industrie\/wp-content\/uploads\/2013\/04\/bauelemente-lufttechnik.jpg 226w, https:\/\/www.getair.eu\/klima-agrar-industrie\/wp-content\/uploads\/2013\/04\/bauelemente-lufttechnik-150x150.jpg 150w\" sizes=\"(max-width: 226px) 100vw, 226px\" \/><\/a><a href=\"http:\/\/www.getair.eu\/klima-agrar-industrie\/wp-content\/uploads\/2013\/06\/WSK_Zeichnung55.jpg\" rel=\"lightbox[zeichnungen]\"><img loading=\"lazy\" class=\"alignnone size-full wp-image-1761\" src=\"http:\/\/www.getair.eu\/klima-agrar-industrie\/wp-content\/uploads\/2013\/04\/bauelemente-lufttechnik.jpg\" alt=\"bauelemente-lufttechnik\" width=\"0\" height=\"0\" srcset=\"https:\/\/www.getair.eu\/klima-agrar-industrie\/wp-content\/uploads\/2013\/04\/bauelemente-lufttechnik.jpg 226w, https:\/\/www.getair.eu\/klima-agrar-industrie\/wp-content\/uploads\/2013\/04\/bauelemente-lufttechnik-150x150.jpg 150w\" sizes=\"(max-width: 226px) 100vw, 226px\" \/><\/a><a href=\"http:\/\/www.getair.eu\/klima-agrar-industrie\/wp-content\/uploads\/2013\/06\/WSK_Zeichnung90.jpg\" rel=\"lightbox[zeichnungen]\"><img loading=\"lazy\" class=\"alignnone size-full wp-image-1761\" src=\"http:\/\/www.getair.eu\/klima-agrar-industrie\/wp-content\/uploads\/2013\/04\/bauelemente-lufttechnik.jpg\" alt=\"bauelemente-lufttechnik\" width=\"0\" height=\"0\" srcset=\"https:\/\/www.getair.eu\/klima-agrar-industrie\/wp-content\/uploads\/2013\/04\/bauelemente-lufttechnik.jpg 226w, https:\/\/www.getair.eu\/klima-agrar-industrie\/wp-content\/uploads\/2013\/04\/bauelemente-lufttechnik-150x150.jpg 150w\" sizes=\"(max-width: 226px) 100vw, 226px\" \/><\/a><\/div>\n<div style=\"display: none;\"><a href=\"http:\/\/www.getair.eu\/klima-agrar-industrie\/wp-content\/uploads\/2013\/06\/WSK_Produktbild2.jpg\" rel=\"lightbox[produktbilder]\"><img loading=\"lazy\" class=\"alignnone size-full wp-image-1761\" src=\"http:\/\/www.getair.eu\/klima-agrar-industrie\/wp-content\/uploads\/2013\/04\/bauelemente-lufttechnik.jpg\" alt=\"bauelemente-lufttechnik\" width=\"0\" height=\"0\" srcset=\"https:\/\/www.getair.eu\/klima-agrar-industrie\/wp-content\/uploads\/2013\/04\/bauelemente-lufttechnik.jpg 226w, https:\/\/www.getair.eu\/klima-agrar-industrie\/wp-content\/uploads\/2013\/04\/bauelemente-lufttechnik-150x150.jpg 150w\" sizes=\"(max-width: 226px) 100vw, 226px\" \/><\/a><a href=\"http:\/\/www.getair.eu\/klima-agrar-industrie\/wp-content\/uploads\/2013\/06\/WSK_Druckverlust15-50.jpg\" rel=\"lightbox[druckverlust]\"><img loading=\"lazy\" class=\"alignnone size-full wp-image-1761\" src=\"http:\/\/www.getair.eu\/klima-agrar-industrie\/wp-content\/uploads\/2013\/04\/bauelemente-lufttechnik.jpg\" alt=\"bauelemente-lufttechnik\" width=\"0\" height=\"0\" srcset=\"https:\/\/www.getair.eu\/klima-agrar-industrie\/wp-content\/uploads\/2013\/04\/bauelemente-lufttechnik.jpg 226w, https:\/\/www.getair.eu\/klima-agrar-industrie\/wp-content\/uploads\/2013\/04\/bauelemente-lufttechnik-150x150.jpg 150w\" sizes=\"(max-width: 226px) 100vw, 226px\" \/><\/a><a href=\"http:\/\/www.getair.eu\/klima-agrar-industrie\/wp-content\/uploads\/2013\/06\/WSK_Druckverlust55-110.jpg\" rel=\"lightbox[druckverlust]\"><img loading=\"lazy\" class=\"alignnone size-full wp-image-1761\" src=\"http:\/\/www.getair.eu\/klima-agrar-industrie\/wp-content\/uploads\/2013\/04\/bauelemente-lufttechnik.jpg\" alt=\"bauelemente-lufttechnik\" width=\"0\" height=\"0\" srcset=\"https:\/\/www.getair.eu\/klima-agrar-industrie\/wp-content\/uploads\/2013\/04\/bauelemente-lufttechnik.jpg 226w, https:\/\/www.getair.eu\/klima-agrar-industrie\/wp-content\/uploads\/2013\/04\/bauelemente-lufttechnik-150x150.jpg 150w\" sizes=\"(max-width: 226px) 100vw, 226px\" \/><\/a><a href=\"http:\/\/www.getair.eu\/klima-agrar-industrie\/wp-content\/uploads\/2013\/06\/WSK_Zeichnung12.jpg\" rel=\"lightbox[zeichnungen]\"><img loading=\"lazy\" class=\"alignnone size-full wp-image-1761\" src=\"http:\/\/www.getair.eu\/klima-agrar-industrie\/wp-content\/uploads\/2013\/04\/bauelemente-lufttechnik.jpg\" alt=\"bauelemente-lufttechnik\" width=\"0\" height=\"0\" srcset=\"https:\/\/www.getair.eu\/klima-agrar-industrie\/wp-content\/uploads\/2013\/04\/bauelemente-lufttechnik.jpg 226w, https:\/\/www.getair.eu\/klima-agrar-industrie\/wp-content\/uploads\/2013\/04\/bauelemente-lufttechnik-150x150.jpg 150w\" sizes=\"(max-width: 226px) 100vw, 226px\" \/><\/a><a href=\"http:\/\/www.getair.eu\/klima-agrar-industrie\/wp-content\/uploads\/2013\/06\/WSK_Zeichnung55.jpg\" rel=\"lightbox[zeichnungen]\"><img loading=\"lazy\" class=\"alignnone size-full wp-image-1761\" src=\"http:\/\/www.getair.eu\/klima-agrar-industrie\/wp-content\/uploads\/2013\/04\/bauelemente-lufttechnik.jpg\" alt=\"bauelemente-lufttechnik\" width=\"0\" height=\"0\" srcset=\"https:\/\/www.getair.eu\/klima-agrar-industrie\/wp-content\/uploads\/2013\/04\/bauelemente-lufttechnik.jpg 226w, https:\/\/www.getair.eu\/klima-agrar-industrie\/wp-content\/uploads\/2013\/04\/bauelemente-lufttechnik-150x150.jpg 150w\" sizes=\"(max-width: 226px) 100vw, 226px\" \/><\/a><a href=\"http:\/\/www.getair.eu\/klima-agrar-industrie\/wp-content\/uploads\/2013\/06\/WSK_Zeichnung90.jpg\" rel=\"lightbox[zeichnungen]\"><img loading=\"lazy\" class=\"alignnone size-full wp-image-1761\" src=\"http:\/\/www.getair.eu\/klima-agrar-industrie\/wp-content\/uploads\/2013\/04\/bauelemente-lufttechnik.jpg\" alt=\"bauelemente-lufttechnik\" width=\"0\" height=\"0\" srcset=\"https:\/\/www.getair.eu\/klima-agrar-industrie\/wp-content\/uploads\/2013\/04\/bauelemente-lufttechnik.jpg 226w, https:\/\/www.getair.eu\/klima-agrar-industrie\/wp-content\/uploads\/2013\/04\/bauelemente-lufttechnik-150x150.jpg 150w\" sizes=\"(max-width: 226px) 100vw, 226px\" \/><\/a><\/div>\n","protected":false},"excerpt":{"rendered":"<p>Typ WSK Kunststoff-Ventilator-Verschlussklappe zur Entl\u00fcftung Selbstt\u00e4tig \u00f6ffnende und schlie\u00dfende Lamellen Au\u00dfenwitterungs-Best\u00e4ndigkeit (UV-stabil) Einsetzbar in Temperaturbereichen von -30 \u00b0C bis +60 \u00b0C Maximale Str\u00f6mungsgeschwindigkeit 10 m\/s f\u00fcr WSK 15 bis 85 Maximale Str\u00f6mungsgeschwindigkeit 15 m\/s ab WSK 90 \u00d6ffnungswinkel 85\u00b0 Spezifisch ausgelegte Konstruktion garantiert eine lange Lebensdauer Hergestellt aus Qualit\u00e4tskunststoff mit positiver \u00d6kobilanz Anzahl der Lamellen [&hellip;]<\/p>\n","protected":false},"author":8,"featured_media":1487,"parent":50,"menu_order":10,"comment_status":"open","ping_status":"open","template":"produktdetails.php","meta":{"ngg_post_thumbnail":0},"yst_prominent_words":[63,52,385,65,54,60,49,389,250,454,64,53,59,48,388,249,61,50,62,51],"_links":{"self":[{"href":"https:\/\/www.getair.eu\/klima-agrar-industrie\/wp-json\/wp\/v2\/pages\/1058"}],"collection":[{"href":"https:\/\/www.getair.eu\/klima-agrar-industrie\/wp-json\/wp\/v2\/pages"}],"about":[{"href":"https:\/\/www.getair.eu\/klima-agrar-industrie\/wp-json\/wp\/v2\/types\/page"}],"author":[{"embeddable":true,"href":"https:\/\/www.getair.eu\/klima-agrar-industrie\/wp-json\/wp\/v2\/users\/8"}],"replies":[{"embeddable":true,"href":"https:\/\/www.getair.eu\/klima-agrar-industrie\/wp-json\/wp\/v2\/comments?post=1058"}],"version-history":[{"count":77,"href":"https:\/\/www.getair.eu\/klima-agrar-industrie\/wp-json\/wp\/v2\/pages\/1058\/revisions"}],"predecessor-version":[{"id":3138,"href":"https:\/\/www.getair.eu\/klima-agrar-industrie\/wp-json\/wp\/v2\/pages\/1058\/revisions\/3138"}],"up":[{"embeddable":true,"href":"https:\/\/www.getair.eu\/klima-agrar-industrie\/wp-json\/wp\/v2\/pages\/50"}],"wp:featuredmedia":[{"embeddable":true,"href":"https:\/\/www.getair.eu\/klima-agrar-industrie\/wp-json\/wp\/v2\/media\/1487"}],"wp:attachment":[{"href":"https:\/\/www.getair.eu\/klima-agrar-industrie\/wp-json\/wp\/v2\/media?parent=1058"}],"wp:term":[{"taxonomy":"yst_prominent_words","embeddable":true,"href":"https:\/\/www.getair.eu\/klima-agrar-industrie\/wp-json\/wp\/v2\/yst_prominent_words?post=1058"}],"curies":[{"name":"wp","href":"https:\/\/api.w.org\/{rel}","templated":true}]}}