{"id":2850,"date":"2015-03-09T09:39:11","date_gmt":"2015-03-09T09:39:11","guid":{"rendered":"http:\/\/www.getair.eu\/klima-agrar-industrie\/?page_id=2850"},"modified":"2019-09-30T13:51:17","modified_gmt":"2019-09-30T13:51:17","slug":"wskl-selbsttaetig","status":"publish","type":"page","link":"https:\/\/www.getair.eu\/klima-agrar-industrie\/produkte\/klima-industrie\/ventilator-verschlussklappen\/wskl-selbsttaetig\/","title":{"rendered":"WSKL &#8211; Selbstt\u00e4tig"},"content":{"rendered":"<h3>Typ WSKL<\/h3>\n<ul>\n<li>Kunststoff-Ventilator-Verschlussklappe zur Entl\u00fcftung<\/li>\n<li>Selbstt\u00e4tig \u00f6ffnende und schlie\u00dfende Lamellen<\/li>\n<li>Au\u00dfenwitterungs-Best\u00e4ndigkeit (UV-stabil)<\/li>\n<li>Einsetzbar in Temperaturbereichen von -30 \u00b0C bis +60 \u00b0C<\/li>\n<li>Maximale Str\u00f6mungsgeschwindigkeit 20 m\/s<\/li>\n<li>\u00d6ffnungswinkel 85\u00b0<\/li>\n<li>Spezifisch ausgelegte Konstruktion garantiert eine lange Lebensdauer<\/li>\n<li>Hergestellt aus Qualit\u00e4tskunststoff mit positiver \u00d6kobilanz<\/li>\n<li>Anzahl der Lamellen variiert mit Gr\u00f6\u00dfe der Verschlussklappe<\/li>\n<li>WSKL 55 \u2013 65 ein Feld mit Mittelsteg<\/li>\n<li>Jede Verschlussklappe ist einzeln im Karton verpackt inkl. eines Befestigungssatzes (Bohrungsdurchmesser 5 mm)<\/li>\n<\/ul>\n<p><a class=\"alignleft\" href=\"http:\/\/www.getair.eu\/klima-agrar-industrie\/wp-content\/uploads\/2015\/03\/wskl_produktbild.jpg\" rel=\"lightbox[produktbilder]\"><span class=\"view-data\">Produktbilder<\/span><img class=\"alignnone wp-image-104\" src=\"http:\/\/www.getair.eu\/klima-agrar-industrie\/wp-content\/uploads\/2015\/03\/wskl_produktbild_thumb.jpg\" alt=\"produktbild\"><\/a><a class=\"alignleft\" href=\"http:\/\/www.getair.eu\/klima-agrar-industrie\/wp-content\/uploads\/2015\/03\/wskl_zeichnung1.jpg\" rel=\"lightbox[zeichnungen]\"><span class=\"view-data\">Zeichnungen<\/span><img class=\"alignnone wp-image-104\" src=\"http:\/\/www.getair.eu\/klima-agrar-industrie\/wp-content\/uploads\/2015\/03\/wskl_zeichnung_thumb.jpg\" alt=\"zeichnung\"><\/a><\/p>\n<div class=\"clear\">&nbsp;<\/div>\n<h2>&nbsp;<\/h2>\n<table style=\"height: 276px; width: 100%;\">\n<tbody>\n<tr style=\"height: 23px;\">\n<th style=\"height: 46px; width: 79px;\" rowspan=\"2\">Typ<\/th>\n<th style=\"height: 23px; width: 134px;\">Artikelnummer<\/th>\n<th style=\"height: 46px; width: 32px;\" rowspan=\"2\">D<\/th>\n<th style=\"height: 46px; width: 39px;\" rowspan=\"2\">H\/B<\/th>\n<th style=\"height: 46px; width: 32px;\" rowspan=\"2\">LA<\/th>\n<th style=\"height: 46px; width: 23px;\" rowspan=\"2\">T<\/th>\n<th style=\"width: 5px;\" rowspan=\"2\">Freier Querschnitt (cm\u00b2)<\/th>\n<\/tr>\n<tr style=\"height: 23px;\">\n<th class=\"darker\" style=\"height: 23px; width: 134px;\">Hellgrau<\/th>\n<\/tr>\n<tr style=\"height: 23px;\">\n<td style=\"height: 23px; width: 79px;\">WSKL 15<\/td>\n<td style=\"height: 23px; width: 134px;\">20000420<\/td>\n<td style=\"height: 23px; width: 32px;\">159<\/td>\n<td style=\"height: 23px; width: 39px;\">195<\/td>\n<td style=\"height: 23px; width: 32px;\">140<\/td>\n<td style=\"height: 23px; width: 23px;\">22<\/td>\n<td style=\"width: 5px;\">196<\/td>\n<\/tr>\n<tr style=\"height: 23px;\">\n<td style=\"height: 23px; width: 79px;\">WSKL 20<\/td>\n<td style=\"height: 23px; width: 134px;\">20000480<\/td>\n<td style=\"height: 23px; width: 32px;\">210<\/td>\n<td style=\"height: 23px; width: 39px;\">243<\/td>\n<td style=\"height: 23px; width: 32px;\">182<\/td>\n<td style=\"height: 23px; width: 23px;\">21<\/td>\n<td style=\"width: 5px;\">336<\/td>\n<\/tr>\n<tr style=\"height: 23px;\">\n<td style=\"height: 23px; width: 79px;\">WSKL 25<\/td>\n<td style=\"height: 23px; width: 134px;\">20000490<\/td>\n<td style=\"height: 23px; width: 32px;\">258<\/td>\n<td style=\"height: 23px; width: 39px;\">294<\/td>\n<td style=\"height: 23px; width: 32px;\">232<\/td>\n<td style=\"height: 23px; width: 23px;\">26<\/td>\n<td style=\"width: 5px;\">507<\/td>\n<\/tr>\n<tr style=\"height: 23px;\">\n<td style=\"height: 23px; width: 79px;\">WSKL 30<\/td>\n<td style=\"height: 23px; width: 134px;\">20000500<\/td>\n<td style=\"height: 23px; width: 32px;\">310<\/td>\n<td style=\"height: 23px; width: 39px;\">346<\/td>\n<td style=\"height: 23px; width: 32px;\">276<\/td>\n<td style=\"height: 23px; width: 23px;\">26<\/td>\n<td style=\"width: 5px;\">732<\/td>\n<\/tr>\n<tr style=\"height: 23px;\">\n<td style=\"height: 23px; width: 79px;\">WSKL 35<\/td>\n<td style=\"height: 23px; width: 134px;\">20000510<\/td>\n<td style=\"height: 23px; width: 32px;\">360<\/td>\n<td style=\"height: 23px; width: 39px;\">397<\/td>\n<td style=\"height: 23px; width: 32px;\">310<\/td>\n<td style=\"height: 23px; width: 23px;\">26<\/td>\n<td style=\"width: 5px;\">987<\/td>\n<\/tr>\n<tr style=\"height: 23px;\">\n<td style=\"height: 23px; width: 79px;\">WSKL 40<\/td>\n<td style=\"height: 23px; width: 134px;\">20000520<\/td>\n<td style=\"height: 23px; width: 32px;\">422<\/td>\n<td style=\"height: 23px; width: 39px;\">462<\/td>\n<td style=\"height: 23px; width: 32px;\">366<\/td>\n<td style=\"height: 23px; width: 23px;\">26<\/td>\n<td style=\"width: 5px;\">1356<\/td>\n<\/tr>\n<tr style=\"height: 23px;\">\n<td style=\"height: 23px; width: 79px;\">WSKL 45<\/td>\n<td style=\"height: 23px; width: 134px;\">20000530<\/td>\n<td style=\"height: 23px; width: 32px;\">462<\/td>\n<td style=\"height: 23px; width: 39px;\">501<\/td>\n<td style=\"height: 23px; width: 32px;\">395<\/td>\n<td style=\"height: 23px; width: 23px;\">31<\/td>\n<td style=\"width: 5px;\">1626<\/td>\n<\/tr>\n<tr style=\"height: 23px;\">\n<td style=\"height: 23px; width: 79px;\">WSKL 50<\/td>\n<td style=\"height: 23px; width: 134px;\">20000540<\/td>\n<td style=\"height: 23px; width: 32px;\">505<\/td>\n<td style=\"height: 23px; width: 39px;\">548<\/td>\n<td style=\"height: 23px; width: 32px;\">443<\/td>\n<td style=\"height: 23px; width: 23px;\">31<\/td>\n<td style=\"width: 5px;\">1942<\/td>\n<\/tr>\n<tr style=\"height: 23px;\">\n<td style=\"height: 23px; width: 79px;\">WSKL 55*<\/td>\n<td style=\"height: 23px; width: 134px;\">20000550<\/td>\n<td style=\"height: 23px; width: 32px;\">563<\/td>\n<td style=\"height: 23px; width: 39px;\">603<\/td>\n<td style=\"height: 23px; width: 32px;\">520<\/td>\n<td style=\"height: 23px; width: 23px;\">28<\/td>\n<td style=\"width: 5px;\">3019<\/td>\n<\/tr>\n<tr style=\"height: 23px;\">\n<td style=\"height: 23px; width: 79px;\">WSKL 65*<\/td>\n<td style=\"height: 23px; width: 134px;\">20000560<\/td>\n<td style=\"height: 23px; width: 32px;\">655<\/td>\n<td style=\"height: 23px; width: 39px;\">696<\/td>\n<td style=\"height: 23px; width: 32px;\">628<\/td>\n<td style=\"height: 23px; width: 23px;\">31<\/td>\n<td style=\"width: 5px;\">3969<\/td>\n<\/tr>\n<\/tbody>\n<\/table>\n<p>Ma\u00dfangaben in mm &#8211; Technische \u00c4nderungen vorbehalten &#8211; hellgrau ~ RAL 7035<br \/>\n*mit Mittelsteg<\/p>\n<div style=\"display: none;\"><a href=\"http:\/\/www.getair.eu\/klima-agrar-industrie\/wp-content\/uploads\/2015\/03\/wskl_zeichnung2.jpg\" rel=\"lightbox[zeichnungen]\"><img loading=\"lazy\" class=\"alignnone size-full wp-image-1761\" src=\"http:\/\/www.getair.eu\/klima-agrar-industrie\/wp-content\/uploads\/2013\/04\/bauelemente-lufttechnik.jpg\" alt=\"bauelemente-lufttechnik\" width=\"0\" height=\"0\" srcset=\"https:\/\/www.getair.eu\/klima-agrar-industrie\/wp-content\/uploads\/2013\/04\/bauelemente-lufttechnik.jpg 226w, https:\/\/www.getair.eu\/klima-agrar-industrie\/wp-content\/uploads\/2013\/04\/bauelemente-lufttechnik-150x150.jpg 150w\" sizes=\"(max-width: 226px) 100vw, 226px\" \/><\/a><\/div>\n","protected":false},"excerpt":{"rendered":"<p>Typ WSKL Kunststoff-Ventilator-Verschlussklappe zur Entl\u00fcftung Selbstt\u00e4tig \u00f6ffnende und schlie\u00dfende Lamellen Au\u00dfenwitterungs-Best\u00e4ndigkeit (UV-stabil) Einsetzbar in Temperaturbereichen von -30 \u00b0C bis +60 \u00b0C Maximale Str\u00f6mungsgeschwindigkeit 20 m\/s \u00d6ffnungswinkel 85\u00b0 Spezifisch ausgelegte Konstruktion garantiert eine lange Lebensdauer Hergestellt aus Qualit\u00e4tskunststoff mit positiver \u00d6kobilanz Anzahl der Lamellen variiert mit Gr\u00f6\u00dfe der Verschlussklappe WSKL 55 \u2013 65 ein Feld mit [&hellip;]<\/p>\n","protected":false},"author":8,"featured_media":2884,"parent":50,"menu_order":30,"comment_status":"open","ping_status":"open","template":"produktdetails.php","meta":{"ngg_post_thumbnail":0},"yst_prominent_words":[138,135,124,117,134,136,126,140,137,139,129,120,121,133],"_links":{"self":[{"href":"https:\/\/www.getair.eu\/klima-agrar-industrie\/wp-json\/wp\/v2\/pages\/2850"}],"collection":[{"href":"https:\/\/www.getair.eu\/klima-agrar-industrie\/wp-json\/wp\/v2\/pages"}],"about":[{"href":"https:\/\/www.getair.eu\/klima-agrar-industrie\/wp-json\/wp\/v2\/types\/page"}],"author":[{"embeddable":true,"href":"https:\/\/www.getair.eu\/klima-agrar-industrie\/wp-json\/wp\/v2\/users\/8"}],"replies":[{"embeddable":true,"href":"https:\/\/www.getair.eu\/klima-agrar-industrie\/wp-json\/wp\/v2\/comments?post=2850"}],"version-history":[{"count":17,"href":"https:\/\/www.getair.eu\/klima-agrar-industrie\/wp-json\/wp\/v2\/pages\/2850\/revisions"}],"predecessor-version":[{"id":3093,"href":"https:\/\/www.getair.eu\/klima-agrar-industrie\/wp-json\/wp\/v2\/pages\/2850\/revisions\/3093"}],"up":[{"embeddable":true,"href":"https:\/\/www.getair.eu\/klima-agrar-industrie\/wp-json\/wp\/v2\/pages\/50"}],"wp:featuredmedia":[{"embeddable":true,"href":"https:\/\/www.getair.eu\/klima-agrar-industrie\/wp-json\/wp\/v2\/media\/2884"}],"wp:attachment":[{"href":"https:\/\/www.getair.eu\/klima-agrar-industrie\/wp-json\/wp\/v2\/media?parent=2850"}],"wp:term":[{"taxonomy":"yst_prominent_words","embeddable":true,"href":"https:\/\/www.getair.eu\/klima-agrar-industrie\/wp-json\/wp\/v2\/yst_prominent_words?post=2850"}],"curies":[{"name":"wp","href":"https:\/\/api.w.org\/{rel}","templated":true}]}}