{"id":5,"date":"2013-04-12T08:14:46","date_gmt":"2013-04-12T08:14:46","guid":{"rendered":"http:\/\/www.getair.eu\/klima-agrar-industrie\/?page_id=5"},"modified":"2015-03-09T07:28:07","modified_gmt":"2015-03-09T07:28:07","slug":"unternehmen","status":"publish","type":"page","link":"https:\/\/www.getair.eu\/klima-agrar-industrie\/unternehmen\/","title":{"rendered":"Unternehmen"},"content":{"rendered":"<h2 class=\"hide-mobile\">Unternehmen<\/h2>\n<h3><strong><img class=\"alignright size-full wp-image-44\" src=\"http:\/\/www.getair.eu\/klima-agrar-industrie\/wp-content\/uploads\/2013\/04\/weltkarte.jpg\" alt=\"bild4\" \/><\/strong>Sie finden KTW weltweit<\/h3>\n<p>Unsere Produkte sind auf allen Kontinenten im Einsatz. Von unserem Werk aus beliefern wir Kunden weltweit. Dabei z\u00e4hlen Verf\u00fcgbarkeit und Qualit\u00e4t ebenso wie partnerschaftliche Zusammenarbeit bei der Entwicklung zukunftsweisender Produkte.<\/p>\n<div class=\"clear\"><\/div>\n<p><img loading=\"lazy\" class=\"alignright size-full wp-image-44\" src=\"http:\/\/www.getair.eu\/klima-agrar-industrie\/wp-content\/uploads\/2013\/04\/Unternehmen_1.jpg\" alt=\"bild4\" width=\"187\" height=\"142\" \/>Klimatechnik Weiss GmbH ist Kunststoffverarbeiter und Hersteller von Ventilator-Verschlussklappen und Be- und Entl\u00fcftungselementen f\u00fcr die Klima-Industrie. Wir verf\u00fcgen \u00fcber jahrzehntelange Erfahrung im Extrudieren, Spritzgie\u00dfen, Schwei\u00dfen und Kaschieren von Kunststoffen nach dem neuesten Stand der Technik.<\/p>\n<div class=\"clear\"><\/div>\n<p><img loading=\"lazy\" class=\"alignright size-full wp-image-43\" src=\"http:\/\/www.getair.eu\/klima-agrar-industrie\/wp-content\/uploads\/2013\/04\/Unternehmen_2.jpg\" alt=\"bild3\" width=\"187\" height=\"142\" \/>Durch eigene Konstruktion und Produktion ist es uns m\u00f6glich, speziell auf Ihre W\u00fcnsche einzugehen, d.h. Fertigung von kundenspezifischen Profilen oder Spritzgie\u00dfteilen. Unsere Bereitschaft, immer neue Wege zu gehen und flexibel auf die Anforderungen des Marktes zu reagieren, sowie kompromisslose Qualit\u00e4t in allen Fertigungsstufen garantieren die problemlose Funktion und Zuverl\u00e4ssigkeit unserer Produkte.<\/p>\n<div class=\"clear\"><\/div>\n<p><img class=\"alignright size-full wp-image-44\" src=\"http:\/\/www.getair.eu\/klima-agrar-industrie\/wp-content\/uploads\/2013\/04\/unternehmen_3.jpg\" alt=\"bild4\" \/>Jahrzehntelange Erfahrung ist die Basis f\u00fcr funktionale und sichere L\u00f6sungen. Wo Metallteile keine Chance haben, halten unsere Kunststoffelemente stand.<\/p>\n<div class=\"clear\"><\/div>\n<p><img loading=\"lazy\" class=\"alignright size-full wp-image-44\" src=\"http:\/\/www.getair.eu\/klima-agrar-industrie\/wp-content\/uploads\/2013\/04\/lager2.jpg\" alt=\"bild4\" width=\"187\" height=\"142\" \/>Mit Kunststoff ist fast alles m\u00f6glich. Es kommt darauf an, wie gut man mit dem Thema umgehen kann. Aus diesem Grund haben wir uns einerseits auf einen bestimmten Produktbereich \u2013 die L\u00fcftungs- und Klimatechnik \u2013 spezialisiert, andererseits kennen wir unsere besonderen St\u00e4rken in der Fertigung. Damit garantieren wir unseren anspruchsvollen Kunden eine qualitativ hochwertige Auftragsfertigung von Spezial-Produkten.<\/p>\n<div class=\"clear\"><\/div>\n<p><img class=\"alignright size-full wp-image-44\" src=\"http:\/\/www.getair.eu\/klima-agrar-industrie\/wp-content\/uploads\/2013\/04\/maschine.jpg\" alt=\"bild4\" \/>Verschiedenste Aufgaben im Bereich der Klimatechnik erfordern intelligente und ausgereifte L\u00f6sungen. Wir stellen Ventilator-Verschlussklappen, Lufteinl\u00e4sse sowie Deckenverteiler in den unterschiedlichsten Formen und Durchmessern her &#8211; die Funktion kann automatisch, elektrisch oder manuell gesteuert werden. Die optimale L\u00f6sung verbindet den besten Preis mit maximaler Leistung \u2013 von der Entwicklung und Planung \u00fcber die Fertigung bis hin zur Logistik ist jeder bei uns diesem Motto verpflichtet. Im Kunststoff-<br \/>\nSpritzgie\u00df- und Extrusionsverfahren werden alle Produkte in Eigenfertigung<br \/>\nhergestellt.<\/p>\n<div class=\"clear\"><\/div>\n","protected":false},"excerpt":{"rendered":"<p>Unternehmen Sie finden KTW weltweit Unsere Produkte sind auf allen Kontinenten im Einsatz. Von unserem Werk aus beliefern wir Kunden weltweit. Dabei z\u00e4hlen Verf\u00fcgbarkeit und Qualit\u00e4t ebenso wie partnerschaftliche Zusammenarbeit bei der Entwicklung zukunftsweisender Produkte. Klimatechnik Weiss GmbH ist Kunststoffverarbeiter und Hersteller von Ventilator-Verschlussklappen und Be- und Entl\u00fcftungselementen f\u00fcr die Klima-Industrie. Wir verf\u00fcgen \u00fcber jahrzehntelange [&hellip;]<\/p>\n","protected":false},"author":8,"featured_media":0,"parent":0,"menu_order":0,"comment_status":"open","ping_status":"open","template":"","meta":{"ngg_post_thumbnail":0},"yst_prominent_words":[],"_links":{"self":[{"href":"https:\/\/www.getair.eu\/klima-agrar-industrie\/wp-json\/wp\/v2\/pages\/5"}],"collection":[{"href":"https:\/\/www.getair.eu\/klima-agrar-industrie\/wp-json\/wp\/v2\/pages"}],"about":[{"href":"https:\/\/www.getair.eu\/klima-agrar-industrie\/wp-json\/wp\/v2\/types\/page"}],"author":[{"embeddable":true,"href":"https:\/\/www.getair.eu\/klima-agrar-industrie\/wp-json\/wp\/v2\/users\/8"}],"replies":[{"embeddable":true,"href":"https:\/\/www.getair.eu\/klima-agrar-industrie\/wp-json\/wp\/v2\/comments?post=5"}],"version-history":[{"count":47,"href":"https:\/\/www.getair.eu\/klima-agrar-industrie\/wp-json\/wp\/v2\/pages\/5\/revisions"}],"predecessor-version":[{"id":2061,"href":"https:\/\/www.getair.eu\/klima-agrar-industrie\/wp-json\/wp\/v2\/pages\/5\/revisions\/2061"}],"wp:attachment":[{"href":"https:\/\/www.getair.eu\/klima-agrar-industrie\/wp-json\/wp\/v2\/media?parent=5"}],"wp:term":[{"taxonomy":"yst_prominent_words","embeddable":true,"href":"https:\/\/www.getair.eu\/klima-agrar-industrie\/wp-json\/wp\/v2\/yst_prominent_words?post=5"}],"curies":[{"name":"wp","href":"https:\/\/api.w.org\/{rel}","templated":true}]}}