{"id":50,"date":"2013-04-12T09:40:43","date_gmt":"2013-04-12T09:40:43","guid":{"rendered":"http:\/\/www.getair.eu\/klima-agrar-industrie\/?page_id=50"},"modified":"2019-07-30T08:31:44","modified_gmt":"2019-07-30T08:31:44","slug":"ventilator-verschlussklappen","status":"publish","type":"page","link":"https:\/\/www.getair.eu\/klima-agrar-industrie\/produkte\/klima-industrie\/ventilator-verschlussklappen\/","title":{"rendered":"Ventilator-Verschlussklappen"},"content":{"rendered":"<h2>Ventilator-Verschlussklappen<\/h2>\n<article class=\"post-preview-small\"><a href=\"https:\/\/www.getair.eu\/klima-agrar-industrie\/produkte\/klima-industrie\/ventilator-verschlussklappen\/selbststandige-ausfuhrung-wsk-15-110\/\" class=\"alignright\"><img width=\"80\" height=\"80\" src=\"https:\/\/www.getair.eu\/klima-agrar-industrie\/wp-content\/uploads\/2013\/08\/K_WSK_80.png\" class=\"attachment-full size-full wp-post-image\" alt=\"\" loading=\"lazy\" \/><\/a><h3><a href=\"https:\/\/www.getair.eu\/klima-agrar-industrie\/produkte\/klima-industrie\/ventilator-verschlussklappen\/selbststandige-ausfuhrung-wsk-15-110\/\">WSK &#8211; Selbstt\u00e4tig<\/a><\/h3><p>Typ WSK Kunststoff-Ventilator-Verschlussklappe zur Entl\u00fcftung Selbstt\u00e4tig \u00f6ffnende und schlie\u00dfende Lamellen [...]<\/p><a href=\"https:\/\/www.getair.eu\/klima-agrar-industrie\/produkte\/klima-industrie\/ventilator-verschlussklappen\/selbststandige-ausfuhrung-wsk-15-110\/\" class=\"link\">Produktdetails<\/a><div class=\"clear\"><\/div><\/article><article class=\"post-preview-small\"><a href=\"https:\/\/www.getair.eu\/klima-agrar-industrie\/produkte\/klima-industrie\/ventilator-verschlussklappen\/typ-wsk-es-explosionsgeschutzt\/\" class=\"alignright\"><img width=\"80\" height=\"80\" src=\"https:\/\/www.getair.eu\/klima-agrar-industrie\/wp-content\/uploads\/2013\/05\/wsk_ex.png\" class=\"attachment-full size-full wp-post-image\" alt=\"\" loading=\"lazy\" \/><\/a><h3><a href=\"https:\/\/www.getair.eu\/klima-agrar-industrie\/produkte\/klima-industrie\/ventilator-verschlussklappen\/typ-wsk-es-explosionsgeschutzt\/\">WSK EX (explosionsgesch\u00fctzt) &#8211; Selbstt\u00e4tig<\/a><\/h3><p>Typ WSK EX Ex-gesch\u00fctzte Verschlussklappe einsetzbar in Verbindung mit Ger\u00e4ten, die den Anforderungen der ATEX-Richtlinie 94\/9\/EG [...]<\/p><a href=\"https:\/\/www.getair.eu\/klima-agrar-industrie\/produkte\/klima-industrie\/ventilator-verschlussklappen\/typ-wsk-es-explosionsgeschutzt\/\" class=\"link\">Produktdetails<\/a><div class=\"clear\"><\/div><\/article><article class=\"post-preview-small\"><a href=\"https:\/\/www.getair.eu\/klima-agrar-industrie\/produkte\/klima-industrie\/ventilator-verschlussklappen\/wskl-selbsttaetig\/\" class=\"alignright\"><img width=\"80\" height=\"80\" src=\"https:\/\/www.getair.eu\/klima-agrar-industrie\/wp-content\/uploads\/2015\/03\/wskl.png\" class=\"attachment-full size-full wp-post-image\" alt=\"\" loading=\"lazy\" \/><\/a><h3><a href=\"https:\/\/www.getair.eu\/klima-agrar-industrie\/produkte\/klima-industrie\/ventilator-verschlussklappen\/wskl-selbsttaetig\/\">WSKL &#8211; Selbstt\u00e4tig<\/a><\/h3><p>Typ WSKL Kunststoff-Ventilator-Verschlussklappe zur Entl\u00fcftung Selbstt\u00e4tig \u00f6ffnende und schlie\u00dfende Lamellen [...]<\/p><a href=\"https:\/\/www.getair.eu\/klima-agrar-industrie\/produkte\/klima-industrie\/ventilator-verschlussklappen\/wskl-selbsttaetig\/\" class=\"link\">Produktdetails<\/a><div class=\"clear\"><\/div><\/article><article class=\"post-preview-small\"><a href=\"https:\/\/www.getair.eu\/klima-agrar-industrie\/produkte\/klima-industrie\/ventilator-verschlussklappen\/typ-wsk-neu2\/\" class=\"alignright\"><img width=\"80\" height=\"80\" src=\"https:\/\/www.getair.eu\/klima-agrar-industrie\/wp-content\/uploads\/2013\/05\/K_FS_80.png\" class=\"attachment-full size-full wp-post-image\" alt=\"\" loading=\"lazy\" \/><\/a><h3><a href=\"https:\/\/www.getair.eu\/klima-agrar-industrie\/produkte\/klima-industrie\/ventilator-verschlussklappen\/typ-wsk-neu2\/\">FS &#8211; Selbstt\u00e4tig &#8211; Die g\u00fcnstige Alternative<\/a><\/h3><p>Typ FS Kunststoff-Ventilator-Verschlussklappe zur Entl\u00fcftung Rahmen ohne Kreisausschnitt Selbstt\u00e4tig \u00f6ffnende und schlie\u00dfende Lamellen [...]<\/p><a href=\"https:\/\/www.getair.eu\/klima-agrar-industrie\/produkte\/klima-industrie\/ventilator-verschlussklappen\/typ-wsk-neu2\/\" class=\"link\">Produktdetails<\/a><div class=\"clear\"><\/div><\/article><article class=\"post-preview-small\"><a href=\"https:\/\/www.getair.eu\/klima-agrar-industrie\/produkte\/klima-industrie\/ventilator-verschlussklappen\/typ-wskr-rund\/\" class=\"alignright\"><img width=\"80\" height=\"80\" src=\"https:\/\/www.getair.eu\/klima-agrar-industrie\/wp-content\/uploads\/2013\/08\/K_WSKR_80.png\" class=\"attachment-full size-full wp-post-image\" alt=\"\" loading=\"lazy\" \/><\/a><h3><a href=\"https:\/\/www.getair.eu\/klima-agrar-industrie\/produkte\/klima-industrie\/ventilator-verschlussklappen\/typ-wskr-rund\/\">WSKR (rund) &#8211; Selbstt\u00e4tig<\/a><\/h3><p>Typ WSKR (rund) Runde Kunststoff-Ventilator-Verschlussklappe zur Entl\u00fcftung Selbstt\u00e4tig \u00f6ffnende und schlie\u00dfende Lamellen [...]<\/p><a href=\"https:\/\/www.getair.eu\/klima-agrar-industrie\/produkte\/klima-industrie\/ventilator-verschlussklappen\/typ-wskr-rund\/\" class=\"link\">Produktdetails<\/a><div class=\"clear\"><\/div><\/article><article class=\"post-preview-small\"><a href=\"https:\/\/www.getair.eu\/klima-agrar-industrie\/produkte\/klima-industrie\/ventilator-verschlussklappen\/typ-wk\/\" class=\"alignright\"><img width=\"160\" height=\"80\" src=\"https:\/\/www.getair.eu\/klima-agrar-industrie\/wp-content\/uploads\/2013\/05\/K_WK_160.png\" class=\"attachment-full size-full wp-post-image\" alt=\"\" loading=\"lazy\" \/><\/a><h3><a href=\"https:\/\/www.getair.eu\/klima-agrar-industrie\/produkte\/klima-industrie\/ventilator-verschlussklappen\/typ-wk\/\">WK &#8211; Selbstt\u00e4tig &#8211; Kanal-Verschlussklappe<\/a><\/h3><p>Typ WK Zur Entl\u00fcftung Selbstt\u00e4tig \u00f6ffnende und schlie\u00dfende Lamellen Maximale Str\u00f6mungsgeschwindigkeit 10 m\/s \u00d6ffnungswinkel 85\u00b0 [...]<\/p><a href=\"https:\/\/www.getair.eu\/klima-agrar-industrie\/produkte\/klima-industrie\/ventilator-verschlussklappen\/typ-wk\/\" class=\"link\">Produktdetails<\/a><div class=\"clear\"><\/div><\/article><article class=\"post-preview-small\"><a href=\"https:\/\/www.getair.eu\/klima-agrar-industrie\/produkte\/klima-industrie\/ventilator-verschlussklappen\/typ-wak-aluminium\/\" class=\"alignright\"><img width=\"80\" height=\"80\" src=\"https:\/\/www.getair.eu\/klima-agrar-industrie\/wp-content\/uploads\/2013\/05\/K_WAK2_80.png\" class=\"attachment-full size-full wp-post-image\" alt=\"\" loading=\"lazy\" \/><\/a><h3><a href=\"https:\/\/www.getair.eu\/klima-agrar-industrie\/produkte\/klima-industrie\/ventilator-verschlussklappen\/typ-wak-aluminium\/\">WAK (Aluminium) &#8211; Selbstt\u00e4tig<\/a><\/h3><p>Typ WAK (Aluminium) Aluminium-Ventilator-Verschlussklappe zur Entl\u00fcftung Selbstt\u00e4tig \u00f6ffnende und schlie\u00dfende Lamellen Besonders [...]<\/p><a href=\"https:\/\/www.getair.eu\/klima-agrar-industrie\/produkte\/klima-industrie\/ventilator-verschlussklappen\/typ-wak-aluminium\/\" class=\"link\">Produktdetails<\/a><div class=\"clear\"><\/div><\/article><article class=\"post-preview-small\"><a href=\"https:\/\/www.getair.eu\/klima-agrar-industrie\/produkte\/klima-industrie\/ventilator-verschlussklappen\/regelbare-ausfuhrung-typ-wrk\/\" class=\"alignright\"><img width=\"80\" height=\"80\" src=\"https:\/\/www.getair.eu\/klima-agrar-industrie\/wp-content\/uploads\/2013\/05\/K_WRK_80.png\" class=\"attachment-full size-full wp-post-image\" alt=\"\" loading=\"lazy\" \/><\/a><h3><a href=\"https:\/\/www.getair.eu\/klima-agrar-industrie\/produkte\/klima-industrie\/ventilator-verschlussklappen\/regelbare-ausfuhrung-typ-wrk\/\">WRK &#8211; Hand Regelbar<\/a><\/h3><p>Typ WRK Kunststoff-Ventilator-Verschlussklappe zur Entl\u00fcftung Lamellen \u00f6ffnen durch Ziehen und Arretieren einer Zugschnur und schlie\u00dfen [...]<\/p><a href=\"https:\/\/www.getair.eu\/klima-agrar-industrie\/produkte\/klima-industrie\/ventilator-verschlussklappen\/regelbare-ausfuhrung-typ-wrk\/\" class=\"link\">Produktdetails<\/a><div class=\"clear\"><\/div><\/article><article class=\"post-preview-small\"><a href=\"https:\/\/www.getair.eu\/klima-agrar-industrie\/produkte\/klima-industrie\/ventilator-verschlussklappen\/feststehende-ausfuhrung-typ-wfk\/\" class=\"alignright\"><img width=\"80\" height=\"80\" src=\"https:\/\/www.getair.eu\/klima-agrar-industrie\/wp-content\/uploads\/2013\/05\/K_WFK_80.png\" class=\"attachment-full size-full wp-post-image\" alt=\"\" loading=\"lazy\" \/><\/a><h3><a href=\"https:\/\/www.getair.eu\/klima-agrar-industrie\/produkte\/klima-industrie\/ventilator-verschlussklappen\/feststehende-ausfuhrung-typ-wfk\/\">WFK &#8211; Feststehende Lamellen<\/a><\/h3><p>Typ WFK Kunststoff-Ventilator-Verschlussklappe zur Be- und Entl\u00fcftung Lamellen sind fest mit dem Rahmen verbunden [...]<\/p><a href=\"https:\/\/www.getair.eu\/klima-agrar-industrie\/produkte\/klima-industrie\/ventilator-verschlussklappen\/feststehende-ausfuhrung-typ-wfk\/\" class=\"link\">Produktdetails<\/a><div class=\"clear\"><\/div><\/article><article class=\"post-preview-small\"><a href=\"https:\/\/www.getair.eu\/klima-agrar-industrie\/produkte\/klima-industrie\/ventilator-verschlussklappen\/feststehende-ausfuhrung-typ-wfk-ex-explosionsgeschutzt\/\" class=\"alignright\"><img width=\"80\" height=\"80\" src=\"https:\/\/www.getair.eu\/klima-agrar-industrie\/wp-content\/uploads\/2013\/05\/wfk_ex.png\" class=\"attachment-full size-full wp-post-image\" alt=\"\" loading=\"lazy\" \/><\/a><h3><a href=\"https:\/\/www.getair.eu\/klima-agrar-industrie\/produkte\/klima-industrie\/ventilator-verschlussklappen\/feststehende-ausfuhrung-typ-wfk-ex-explosionsgeschutzt\/\">WFK EX (explosionsgesch\u00fctzt) &#8211; Feststehende Lamellen<\/a><\/h3><p>Typ WFK EX (explosionsgesch\u00fctzt) Ex-gesch\u00fctzte Verschlussklappe einsetzbar in Verbindung mit Ger\u00e4ten, die den Anforderungen der [...]<\/p><a href=\"https:\/\/www.getair.eu\/klima-agrar-industrie\/produkte\/klima-industrie\/ventilator-verschlussklappen\/feststehende-ausfuhrung-typ-wfk-ex-explosionsgeschutzt\/\" class=\"link\">Produktdetails<\/a><div class=\"clear\"><\/div><\/article><article class=\"post-preview-small\"><a href=\"https:\/\/www.getair.eu\/klima-agrar-industrie\/produkte\/klima-industrie\/ventilator-verschlussklappen\/motorische-ausfuhrung-typ-wmk\/\" class=\"alignright\"><img width=\"80\" height=\"80\" src=\"https:\/\/www.getair.eu\/klima-agrar-industrie\/wp-content\/uploads\/2013\/05\/K_WMK_80.png\" class=\"attachment-full size-full wp-post-image\" alt=\"\" loading=\"lazy\" \/><\/a><h3><a href=\"https:\/\/www.getair.eu\/klima-agrar-industrie\/produkte\/klima-industrie\/ventilator-verschlussklappen\/motorische-ausfuhrung-typ-wmk\/\">WMK &#8211; Motorisch regelbar<\/a><\/h3><p>Typ WMK Kunststoff-Ventilator-Verschlussklappe zur Entl\u00fcftung (Luftrichtung beachten) Lamellen \u00f6ffnen bei Spannungsfreigabe und [...]<\/p><a href=\"https:\/\/www.getair.eu\/klima-agrar-industrie\/produkte\/klima-industrie\/ventilator-verschlussklappen\/motorische-ausfuhrung-typ-wmk\/\" class=\"link\">Produktdetails<\/a><div class=\"clear\"><\/div><\/article><article class=\"post-preview-small\"><a href=\"https:\/\/www.getair.eu\/klima-agrar-industrie\/produkte\/klima-industrie\/ventilator-verschlussklappen\/motorische-ausfuhrung-typ-wakm\/\" class=\"alignright\"><img width=\"80\" height=\"80\" src=\"https:\/\/www.getair.eu\/klima-agrar-industrie\/wp-content\/uploads\/2013\/05\/WAKM.png\" class=\"attachment-full size-full wp-post-image\" alt=\"\" loading=\"lazy\" \/><\/a><h3><a href=\"https:\/\/www.getair.eu\/klima-agrar-industrie\/produkte\/klima-industrie\/ventilator-verschlussklappen\/motorische-ausfuhrung-typ-wakm\/\">WAKM &#8211; Motorisch regelbar &#8211; Aluminium<\/a><\/h3><p>Typ WAKM Aluminium-Ventilator-Verschlussklappe zur Be- und Entl\u00fcftung Lamellen \u00f6ffnen bei Spannungsfreigabe und schlie\u00dfen bei [...]<\/p><a href=\"https:\/\/www.getair.eu\/klima-agrar-industrie\/produkte\/klima-industrie\/ventilator-verschlussklappen\/motorische-ausfuhrung-typ-wakm\/\" class=\"link\">Produktdetails<\/a><div class=\"clear\"><\/div><\/article>\n","protected":false},"excerpt":{"rendered":"<p>Ventilator-Verschlussklappen<\/p>\n","protected":false},"author":8,"featured_media":1763,"parent":15,"menu_order":20,"comment_status":"open","ping_status":"closed","template":"produktauflistung.php","meta":{"ngg_post_thumbnail":0},"yst_prominent_words":[107,99,105,112,102,98,104,97,96,106,101,109,110,108,113,100,115,103,111,114],"_links":{"self":[{"href":"https:\/\/www.getair.eu\/klima-agrar-industrie\/wp-json\/wp\/v2\/pages\/50"}],"collection":[{"href":"https:\/\/www.getair.eu\/klima-agrar-industrie\/wp-json\/wp\/v2\/pages"}],"about":[{"href":"https:\/\/www.getair.eu\/klima-agrar-industrie\/wp-json\/wp\/v2\/types\/page"}],"author":[{"embeddable":true,"href":"https:\/\/www.getair.eu\/klima-agrar-industrie\/wp-json\/wp\/v2\/users\/8"}],"replies":[{"embeddable":true,"href":"https:\/\/www.getair.eu\/klima-agrar-industrie\/wp-json\/wp\/v2\/comments?post=50"}],"version-history":[{"count":69,"href":"https:\/\/www.getair.eu\/klima-agrar-industrie\/wp-json\/wp\/v2\/pages\/50\/revisions"}],"predecessor-version":[{"id":2860,"href":"https:\/\/www.getair.eu\/klima-agrar-industrie\/wp-json\/wp\/v2\/pages\/50\/revisions\/2860"}],"up":[{"embeddable":true,"href":"https:\/\/www.getair.eu\/klima-agrar-industrie\/wp-json\/wp\/v2\/pages\/15"}],"wp:featuredmedia":[{"embeddable":true,"href":"https:\/\/www.getair.eu\/klima-agrar-industrie\/wp-json\/wp\/v2\/media\/1763"}],"wp:attachment":[{"href":"https:\/\/www.getair.eu\/klima-agrar-industrie\/wp-json\/wp\/v2\/media?parent=50"}],"wp:term":[{"taxonomy":"yst_prominent_words","embeddable":true,"href":"https:\/\/www.getair.eu\/klima-agrar-industrie\/wp-json\/wp\/v2\/yst_prominent_words?post=50"}],"curies":[{"name":"wp","href":"https:\/\/api.w.org\/{rel}","templated":true}]}}