{"id":590,"date":"2013-05-16T11:19:56","date_gmt":"2013-05-16T11:19:56","guid":{"rendered":"http:\/\/www.getair.eu\/klima-agrar-industrie\/?page_id=590"},"modified":"2019-09-30T09:58:40","modified_gmt":"2019-09-30T09:58:40","slug":"typ-ag-s-ex-explosionsgeschutzt","status":"publish","type":"page","link":"https:\/\/www.getair.eu\/klima-agrar-industrie\/produkte\/klima-industrie\/luftungsgitter\/typ-ag-s-ex-explosionsgeschutzt\/","title":{"rendered":"AG-S EX (explosionsgesch\u00fctzt)"},"content":{"rendered":"<h3>Typ AG-S EX (explosionsgesch\u00fctzt)<\/h3>\n<ul>\n<li>Kunststoff-L\u00fcftungsgitter f\u00fcr Zu- und Abluft<\/li>\n<li>Feststehende, waagerechte, handeinstellbare Luftleitlamellen<\/li>\n<li>Ex-gesch\u00fctzte L\u00fcftungsgitter einsetzbar in Verbindung mit Ger\u00e4ten, die den Anforderungen<br \/>\nder ATEX-Richtlinie 94\/9\/EG entsprechen zur Be- und Entl\u00fcftung<\/li>\n<li style=\"text-align: left;\">Gepr\u00fcft gem\u00e4\u00df IEC 93\/VDE 0303 Teil 30 und f\u00fcr folgende explosionsgef\u00e4hrdete<br \/>\nBereiche zugelassen (nach EXAM 1100\/101\/06 BVS-BI):<br \/>\n&#8211; Gas- bzw. L\u00f6semitteldampf \/ Luftgemische: Zone 1 und Zone 2<br \/>\n&#8211; Staub- \/ Luftgemische: Zone 21 und Zone 22<\/li>\n<li>Einsatzbereiche: Akkumulatorenstationen, Nahrungsmittelindustrie, Textil-, Produktions-,<br \/>\nZerkleinerungs- und Montagebetriebe in Ex-gef\u00e4hrdeten Bereichen<\/li>\n<li>Einsetzbar im Temperaturbereichen von -30 \u00b0C bis +60 \u00b0C<\/li>\n<li>Das L\u00fcftungsgitter muss fachgerecht montiert und nach den VDE-Richtlinien geerdet werden<\/li>\n<li>Au\u00dfenwitterungs-Best\u00e4ndigkeit (UV-stabil)<\/li>\n<li>Das L\u00fcftungsgitter wird vertieft ins Mauerwerk oder Fassadenverkleidung eingesetzt<\/li>\n<li>Spezifisch ausgelegte Konstruktion garantiert eine lange Lebensdauer<\/li>\n<li>Hergestellt aus Qualit\u00e4tskunststoff mit positiver \u00d6kobilanz<\/li>\n<li>Anzahl der Lamellen variiert mit Gr\u00f6\u00dfe des Gitters<\/li>\n<li>Fertigung kann nach Ihren Ma\u00dfangaben erfolgen, bitte<br \/>\ngeben Sie das exakte Einbauma\u00df an<\/li>\n<\/ul>\n<p><a class=\"alignleft\" href=\"http:\/\/www.getair.eu\/klima-agrar-industrie\/wp-content\/uploads\/2013\/05\/AG-S-EX_Produktbild.jpg\" rel=\"lightbox[produktbilder]\"><span class=\"view-data\">Produktbilder<\/span><img class=\"alignnone wp-image-104\" src=\"http:\/\/www.getair.eu\/klima-agrar-industrie\/wp-content\/uploads\/2013\/05\/AG-S-EX_Produktbild_Content_Thumb.jpg\" alt=\"produktbild\"><\/a><a class=\"alignleft\" href=\"http:\/\/www.getair.eu\/klima-agrar-industrie\/wp-content\/uploads\/2013\/05\/AG-S-EX_Zeichnung.jpg\" rel=\"lightbox[zeichnungen]\"><span class=\"view-data\">Zeichnungen<\/span><img class=\"alignnone wp-image-104\" src=\"http:\/\/www.getair.eu\/klima-agrar-industrie\/wp-content\/uploads\/2013\/05\/AGS_Zeichnung_Content_Thumb.jpg\" alt=\"zeichnung\"><\/a><\/p>\n<div class=\"clear\">&nbsp;<\/div>\n<h2>&nbsp;<\/h2>\n<table style=\"width: 100%;\">\n<tbody>\n<tr>\n<th style=\"width: 139px;\" rowspan=\"2\">Typ<\/th>\n<th style=\"width: 134px;\">Artikelnummer<\/th>\n<th style=\"width: 100px;\">Einbauma\u00df<\/th>\n<th style=\"width: 100px;\">Einbauma\u00df<\/th>\n<th style=\"width: 21px;\" rowspan=\"2\">T<\/th>\n<th style=\"width: 21px;\" rowspan=\"2\">Freier Querschnitt&nbsp;(cm\u00b2)&nbsp;<\/th>\n<\/tr>\n<tr>\n<th class=\"darker\" style=\"width: 134px;\">Schwarz<\/th>\n<th style=\"width: 100px;\">H<\/th>\n<th style=\"width: 100px;\">B<\/th>\n<\/tr>\n<tr>\n<td style=\"width: 139px;\">AG-S EX 125\/225<\/td>\n<td style=\"width: 134px;\">45002490<\/td>\n<td style=\"width: 100px;\">125<\/td>\n<td style=\"width: 100px;\">225<\/td>\n<td style=\"width: 21px;\">55<\/td>\n<td style=\"width: 21px;\">239<\/td>\n<\/tr>\n<tr>\n<td style=\"width: 139px;\">AG-S EX 125\/325<\/td>\n<td style=\"width: 134px;\">45001250<\/td>\n<td style=\"width: 100px;\">125<\/td>\n<td style=\"width: 100px;\">325<\/td>\n<td style=\"width: 21px;\">55<\/td>\n<td style=\"width: 21px;\">345<\/td>\n<\/tr>\n<tr>\n<td style=\"width: 139px;\">AG-S EX 125\/425<\/td>\n<td style=\"width: 134px;\">45001070<\/td>\n<td style=\"width: 100px;\">125<\/td>\n<td style=\"width: 100px;\">425<\/td>\n<td style=\"width: 21px;\">55<\/td>\n<td style=\"width: 21px;\">451<\/td>\n<\/tr>\n<tr>\n<td style=\"width: 139px;\">AG-S EX 125\/525<\/td>\n<td style=\"width: 134px;\">45001260<\/td>\n<td style=\"width: 100px;\">125<\/td>\n<td style=\"width: 100px;\">525<\/td>\n<td style=\"width: 21px;\">55<\/td>\n<td style=\"width: 21px;\">557<\/td>\n<\/tr>\n<tr>\n<td style=\"width: 139px;\">AG-S EX 125\/625<\/td>\n<td style=\"width: 134px;\">45001050<\/td>\n<td style=\"width: 100px;\">125<\/td>\n<td style=\"width: 100px;\">625<\/td>\n<td style=\"width: 21px;\">55<\/td>\n<td style=\"width: 21px;\">664<\/td>\n<\/tr>\n<tr>\n<td style=\"width: 139px;\">AG-S EX 125\/825<\/td>\n<td style=\"width: 134px;\">45001270<\/td>\n<td style=\"width: 100px;\">125<\/td>\n<td style=\"width: 100px;\">825<\/td>\n<td style=\"width: 21px;\">55<\/td>\n<td style=\"width: 21px;\">876<\/td>\n<\/tr>\n<tr>\n<td style=\"width: 139px;\">AG-S EX 125\/1025<\/td>\n<td style=\"width: 134px;\">45001280<\/td>\n<td style=\"width: 100px;\">125<\/td>\n<td style=\"width: 100px;\">1025<\/td>\n<td style=\"width: 21px;\">55<\/td>\n<td style=\"width: 21px;\">1089<\/td>\n<\/tr>\n<tr>\n<td style=\"width: 139px;\">AG-S EX 125\/1225<\/td>\n<td style=\"width: 134px;\">45001290<\/td>\n<td style=\"width: 100px;\">125<\/td>\n<td style=\"width: 100px;\">1225<\/td>\n<td style=\"width: 21px;\">55<\/td>\n<td style=\"width: 21px;\">1301<\/td>\n<\/tr>\n<tr>\n<td style=\"width: 139px;\">AG-S EX 225\/225<\/td>\n<td style=\"width: 134px;\">45002740<\/td>\n<td style=\"width: 100px;\">225<\/td>\n<td style=\"width: 100px;\">225<\/td>\n<td style=\"width: 21px;\">55<\/td>\n<td style=\"width: 21px;\">430<\/td>\n<\/tr>\n<tr>\n<td style=\"width: 139px;\">AG-S EX 225\/325<\/td>\n<td style=\"width: 134px;\">45001300<\/td>\n<td style=\"width: 100px;\">225<\/td>\n<td style=\"width: 100px;\">325<\/td>\n<td style=\"width: 21px;\">55<\/td>\n<td style=\"width: 21px;\">621<\/td>\n<\/tr>\n<tr>\n<td style=\"width: 139px;\">AG-S EX 225\/425<\/td>\n<td style=\"width: 134px;\">45001310<\/td>\n<td style=\"width: 100px;\">225<\/td>\n<td style=\"width: 100px;\">425<\/td>\n<td style=\"width: 21px;\">55<\/td>\n<td style=\"width: 21px;\">812<\/td>\n<\/tr>\n<tr>\n<td style=\"width: 139px;\">AG-S EX 225\/525<\/td>\n<td style=\"width: 134px;\">45001320<\/td>\n<td style=\"width: 100px;\">225<\/td>\n<td style=\"width: 100px;\">525<\/td>\n<td style=\"width: 21px;\">55<\/td>\n<td style=\"width: 21px;\">1004<\/td>\n<\/tr>\n<tr>\n<td style=\"width: 139px;\">AG-S EX 225\/625<\/td>\n<td style=\"width: 134px;\">45001330<\/td>\n<td style=\"width: 100px;\">225<\/td>\n<td style=\"width: 100px;\">625<\/td>\n<td style=\"width: 21px;\">55<\/td>\n<td style=\"width: 21px;\">1195<\/td>\n<\/tr>\n<tr>\n<td style=\"width: 139px;\">AG-S EX 225\/825<\/td>\n<td style=\"width: 134px;\">45000950<\/td>\n<td style=\"width: 100px;\">225<\/td>\n<td style=\"width: 100px;\">825<\/td>\n<td style=\"width: 21px;\">55<\/td>\n<td style=\"width: 21px;\">1577<\/td>\n<\/tr>\n<tr>\n<td style=\"width: 139px;\">AG-S EX 225\/1025<\/td>\n<td style=\"width: 134px;\">45001340<\/td>\n<td style=\"width: 100px;\">225<\/td>\n<td style=\"width: 100px;\">1025<\/td>\n<td style=\"width: 21px;\">55<\/td>\n<td style=\"width: 21px;\">1960<\/td>\n<\/tr>\n<tr>\n<td style=\"width: 139px;\">AG-S EX 225\/1225<\/td>\n<td style=\"width: 134px;\">45001350<\/td>\n<td style=\"width: 100px;\">225<\/td>\n<td style=\"width: 100px;\">1225<\/td>\n<td style=\"width: 21px;\">55<\/td>\n<td style=\"width: 21px;\">2342<\/td>\n<\/tr>\n<tr>\n<td style=\"width: 139px;\">AG-S EX 225\/225<\/td>\n<td style=\"width: 134px;\">45002990<\/td>\n<td style=\"width: 100px;\">325<\/td>\n<td style=\"width: 100px;\">225<\/td>\n<td style=\"width: 21px;\">55<\/td>\n<td style=\"width: 21px;\">621<\/td>\n<\/tr>\n<tr>\n<td style=\"width: 139px;\">AG-S EX 225\/325<\/td>\n<td style=\"width: 134px;\">45001360<\/td>\n<td style=\"width: 100px;\">325<\/td>\n<td style=\"width: 100px;\">325<\/td>\n<td style=\"width: 21px;\">55<\/td>\n<td style=\"width: 21px;\">897<\/td>\n<\/tr>\n<tr>\n<td style=\"width: 139px;\">AG-S EX 225\/425<\/td>\n<td style=\"width: 134px;\">45001370<\/td>\n<td style=\"width: 100px;\">325<\/td>\n<td style=\"width: 100px;\">425<\/td>\n<td style=\"width: 21px;\">55<\/td>\n<td style=\"width: 21px;\">1174<\/td>\n<\/tr>\n<tr>\n<td style=\"width: 139px;\">AG-S EX 225\/525<\/td>\n<td style=\"width: 134px;\">45001380<\/td>\n<td style=\"width: 100px;\">325<\/td>\n<td style=\"width: 100px;\">525<\/td>\n<td style=\"width: 21px;\">55<\/td>\n<td style=\"width: 21px;\">1450<\/td>\n<\/tr>\n<tr>\n<td style=\"width: 139px;\">AG-S EX 225\/625<\/td>\n<td style=\"width: 134px;\">45001390<\/td>\n<td style=\"width: 100px;\">325<\/td>\n<td style=\"width: 100px;\">625<\/td>\n<td style=\"width: 21px;\">55<\/td>\n<td style=\"width: 21px;\">1726<\/td>\n<\/tr>\n<tr>\n<td style=\"width: 139px;\">AG-S EX 225\/825<\/td>\n<td style=\"width: 134px;\">45001400<\/td>\n<td style=\"width: 100px;\">325<\/td>\n<td style=\"width: 100px;\">825<\/td>\n<td style=\"width: 21px;\">55<\/td>\n<td style=\"width: 21px;\">2279<\/td>\n<\/tr>\n<tr>\n<td style=\"width: 139px;\">AG-S EX 225\/1025<\/td>\n<td style=\"width: 134px;\">45001410<\/td>\n<td style=\"width: 100px;\">325<\/td>\n<td style=\"width: 100px;\">1025<\/td>\n<td style=\"width: 21px;\">55<\/td>\n<td style=\"width: 21px;\">2831<\/td>\n<\/tr>\n<tr>\n<td style=\"width: 139px;\">AG-S EX 225\/1225<\/td>\n<td style=\"width: 134px;\">45001420<\/td>\n<td style=\"width: 100px;\">325<\/td>\n<td style=\"width: 100px;\">1225<\/td>\n<td style=\"width: 21px;\">55<\/td>\n<td style=\"width: 21px;\">3384<\/td>\n<\/tr>\n<\/tbody>\n<\/table>\n<p class=\"table_info\">Ma\u00dfangaben in mm. Technische \u00c4nderungen vorbehalten \u2013 schwarz ~ RAL 9005<\/p>\n","protected":false},"excerpt":{"rendered":"<p>Typ AG-S EX (explosionsgesch\u00fctzt) Kunststoff-L\u00fcftungsgitter f\u00fcr Zu- und Abluft Feststehende, waagerechte, handeinstellbare Luftleitlamellen Ex-gesch\u00fctzte L\u00fcftungsgitter einsetzbar in Verbindung mit Ger\u00e4ten, die den Anforderungen der ATEX-Richtlinie 94\/9\/EG entsprechen zur Be- und Entl\u00fcftung Gepr\u00fcft gem\u00e4\u00df IEC 93\/VDE 0303 Teil 30 und f\u00fcr folgende explosionsgef\u00e4hrdete Bereiche zugelassen (nach EXAM 1100\/101\/06 BVS-BI): &#8211; Gas- bzw. L\u00f6semitteldampf \/ Luftgemische: Zone [&hellip;]<\/p>\n","protected":false},"author":8,"featured_media":2298,"parent":514,"menu_order":7,"comment_status":"open","ping_status":"closed","template":"produktdetails.php","meta":{"ngg_post_thumbnail":0},"yst_prominent_words":[567,568,561,562,563,564,570,608,609,565,566,604,605,598,599,600,601,602,603,116],"_links":{"self":[{"href":"https:\/\/www.getair.eu\/klima-agrar-industrie\/wp-json\/wp\/v2\/pages\/590"}],"collection":[{"href":"https:\/\/www.getair.eu\/klima-agrar-industrie\/wp-json\/wp\/v2\/pages"}],"about":[{"href":"https:\/\/www.getair.eu\/klima-agrar-industrie\/wp-json\/wp\/v2\/types\/page"}],"author":[{"embeddable":true,"href":"https:\/\/www.getair.eu\/klima-agrar-industrie\/wp-json\/wp\/v2\/users\/8"}],"replies":[{"embeddable":true,"href":"https:\/\/www.getair.eu\/klima-agrar-industrie\/wp-json\/wp\/v2\/comments?post=590"}],"version-history":[{"count":36,"href":"https:\/\/www.getair.eu\/klima-agrar-industrie\/wp-json\/wp\/v2\/pages\/590\/revisions"}],"predecessor-version":[{"id":3083,"href":"https:\/\/www.getair.eu\/klima-agrar-industrie\/wp-json\/wp\/v2\/pages\/590\/revisions\/3083"}],"up":[{"embeddable":true,"href":"https:\/\/www.getair.eu\/klima-agrar-industrie\/wp-json\/wp\/v2\/pages\/514"}],"wp:featuredmedia":[{"embeddable":true,"href":"https:\/\/www.getair.eu\/klima-agrar-industrie\/wp-json\/wp\/v2\/media\/2298"}],"wp:attachment":[{"href":"https:\/\/www.getair.eu\/klima-agrar-industrie\/wp-json\/wp\/v2\/media?parent=590"}],"wp:term":[{"taxonomy":"yst_prominent_words","embeddable":true,"href":"https:\/\/www.getair.eu\/klima-agrar-industrie\/wp-json\/wp\/v2\/yst_prominent_words?post=590"}],"curies":[{"name":"wp","href":"https:\/\/api.w.org\/{rel}","templated":true}]}}