{"id":646,"date":"2013-05-16T14:01:41","date_gmt":"2013-05-16T14:01:41","guid":{"rendered":"http:\/\/www.getair.eu\/klima-agrar-industrie\/?page_id=646"},"modified":"2019-09-30T09:00:10","modified_gmt":"2019-09-30T09:00:10","slug":"feststehende-ausfuhrung-typ-wfk","status":"publish","type":"page","link":"https:\/\/www.getair.eu\/klima-agrar-industrie\/produkte\/klima-industrie\/ventilator-verschlussklappen\/feststehende-ausfuhrung-typ-wfk\/","title":{"rendered":"WFK &#8211; Feststehende Lamellen"},"content":{"rendered":"<h3>Typ WFK<\/h3>\n<ul>\n<li>Kunststoff-Ventilator-Verschlussklappe zur Be- und Entl\u00fcftung<\/li>\n<li>Lamellen sind fest mit dem Rahmen verbunden<\/li>\n<li>Au\u00dfenwitterungs-Best\u00e4ndigkeit (UV-stabil)<\/li>\n<li>Einsetzbar in Temperaturbereichen von -30 \u00b0C bis +60 \u00b0C<\/li>\n<li>\u00d6ffnungswinkel 20\u00b0<\/li>\n<li>auch mit gr\u00f6\u00dferem \u00d6ffnungswinkel erh\u00e4ltlich (40\u00b0)<\/li>\n<li>Spezifisch ausgelegte Konstruktion garantiert eine lange Lebensdauer<\/li>\n<li>Hergestellt aus Qualit\u00e4tskunststoff mit positiver \u00d6kobilanz<\/li>\n<li>Anzahl der Lamellen variiert mit Gr\u00f6\u00dfe der Verschlussklappe<\/li>\n<li>Jede Verschlussklappe ist einzeln im Karton verpackt inkl. eines Befestigungssatzes<br \/>\n(Bohrungsdurchmesser 5 mm)<\/li>\n<li>Als Sondergr\u00f6\u00dfe (WFK-S) in allen Gr\u00f6\u00dfen lieferbar<\/li>\n<\/ul>\n<p><a class=\"alignleft\" href=\"http:\/\/www.getair.eu\/klima-agrar-industrie\/wp-content\/uploads\/2013\/05\/WFK_Produktbild.jpg\" rel=\"lightbox[produktbilder]\"><span class=\"view-data\">Produktbilder<\/span><img class=\"alignnone wp-image-104\" src=\"http:\/\/www.getair.eu\/klima-agrar-industrie\/wp-content\/uploads\/2013\/05\/WFK_Produktbild_Content_Thumb.jpg\" alt=\"produktbild\"><\/a><a class=\"alignleft\" href=\"http:\/\/www.getair.eu\/klima-agrar-industrie\/wp-content\/uploads\/2013\/05\/WFK_Zeichnung.jpg\" rel=\"lightbox[zeichnungen]\"><span class=\"view-data\">Zeichnungen<\/span><img class=\"alignnone wp-image-104\" src=\"http:\/\/www.getair.eu\/klima-agrar-industrie\/wp-content\/uploads\/2013\/05\/WFK_Zeichnung_Content_Thumb.jpg\" alt=\"zeichnung\"><\/a><\/p>\n<div class=\"clear\">&nbsp;<\/div>\n<h2>&nbsp;<\/h2>\n<table style=\"height: 603px; width: 100%;\">\n<tbody>\n<tr style=\"height: 23px;\">\n<th style=\"width: 86px; height: 46px;\" rowspan=\"2\">Typ<\/th>\n<th style=\"width: 155px; height: 23px;\">Artikelnummer<\/th>\n<th style=\"width: 32px; height: 46px;\" rowspan=\"2\">D<\/th>\n<th style=\"width: 40px; height: 46px;\" rowspan=\"2\">H\/B<\/th>\n<th style=\"width: 38px; height: 46px;\" rowspan=\"2\">LA<\/th>\n<th style=\"width: 24px; height: 46px;\" rowspan=\"2\">F<\/th>\n<th style=\"width: 24px; height: 46px;\" rowspan=\"2\">T<\/th>\n<th style=\"width: 33px; height: 46px;\" rowspan=\"2\">Freier Querschnitt (cm\u00b2)<\/th>\n<\/tr>\n<tr style=\"height: 23px;\">\n<th class=\"darker\" style=\"width: 155px; height: 23px;\">Hellgrau<\/th>\n<\/tr>\n<tr style=\"height: 23px;\">\n<td style=\"width: 86px; height: 23px;\">WFK 15<\/td>\n<td style=\"width: 155px; height: 23px;\">21000001<\/td>\n<td style=\"width: 32px; height: 23px;\">159<\/td>\n<td style=\"width: 40px; height: 23px;\">195<\/td>\n<td style=\"width: 38px; height: 23px;\">140<\/td>\n<td style=\"width: 24px; height: 23px;\">36<\/td>\n<td style=\"width: 24px; height: 23px;\">22<\/td>\n<td style=\"width: 33px; height: 23px;\">169<\/td>\n<\/tr>\n<tr style=\"height: 23px;\">\n<td style=\"width: 86px; height: 23px;\">WFK 20<\/td>\n<td style=\"width: 155px; height: 23px;\">21000011<\/td>\n<td style=\"width: 32px; height: 23px;\">210<\/td>\n<td style=\"width: 40px; height: 23px;\">243<\/td>\n<td style=\"width: 38px; height: 23px;\">182<\/td>\n<td style=\"width: 24px; height: 23px;\">36<\/td>\n<td style=\"width: 24px; height: 23px;\">21<\/td>\n<td style=\"width: 33px; height: 23px;\">336<\/td>\n<\/tr>\n<tr style=\"height: 23px;\">\n<td style=\"width: 86px; height: 23px;\">WFK 25<\/td>\n<td style=\"width: 155px; height: 23px;\">21000021<\/td>\n<td style=\"width: 32px; height: 23px;\">258<\/td>\n<td style=\"width: 40px; height: 23px;\">294<\/td>\n<td style=\"width: 38px; height: 23px;\">232<\/td>\n<td style=\"width: 24px; height: 23px;\">42<\/td>\n<td style=\"width: 24px; height: 23px;\">26<\/td>\n<td style=\"width: 33px; height: 23px;\">507<\/td>\n<\/tr>\n<tr style=\"height: 23px;\">\n<td style=\"width: 86px; height: 23px;\">WFK 30<\/td>\n<td style=\"width: 155px; height: 23px;\">21000031<\/td>\n<td style=\"width: 32px; height: 23px;\">310<\/td>\n<td style=\"width: 40px; height: 23px;\">346<\/td>\n<td style=\"width: 38px; height: 23px;\">276<\/td>\n<td style=\"width: 24px; height: 23px;\">42<\/td>\n<td style=\"width: 24px; height: 23px;\">26<\/td>\n<td style=\"width: 33px; height: 23px;\">732<\/td>\n<\/tr>\n<tr style=\"height: 23px;\">\n<td style=\"width: 86px; height: 23px;\">WFK 35<\/td>\n<td style=\"width: 155px; height: 23px;\">21000041<\/td>\n<td style=\"width: 32px; height: 23px;\">360<\/td>\n<td style=\"width: 40px; height: 23px;\">397<\/td>\n<td style=\"width: 38px; height: 23px;\">310<\/td>\n<td style=\"width: 24px; height: 23px;\">42<\/td>\n<td style=\"width: 24px; height: 23px;\">26<\/td>\n<td style=\"width: 33px; height: 23px;\">987<\/td>\n<\/tr>\n<tr style=\"height: 23px;\">\n<td style=\"width: 86px; height: 23px;\">WFK 40<\/td>\n<td style=\"width: 155px; height: 23px;\">21000051<\/td>\n<td style=\"width: 32px; height: 23px;\">422<\/td>\n<td style=\"width: 40px; height: 23px;\">462<\/td>\n<td style=\"width: 38px; height: 23px;\">366<\/td>\n<td style=\"width: 24px; height: 23px;\">42<\/td>\n<td style=\"width: 24px; height: 23px;\">26<\/td>\n<td style=\"width: 33px; height: 23px;\">1356<\/td>\n<\/tr>\n<tr style=\"height: 23px;\">\n<td style=\"width: 86px; height: 23px;\">WFK 45<\/td>\n<td style=\"width: 155px; height: 23px;\">21000061<\/td>\n<td style=\"width: 32px; height: 23px;\">462<\/td>\n<td style=\"width: 40px; height: 23px;\">501<\/td>\n<td style=\"width: 38px; height: 23px;\">395<\/td>\n<td style=\"width: 24px; height: 23px;\">42<\/td>\n<td style=\"width: 24px; height: 23px;\">31<\/td>\n<td style=\"width: 33px; height: 23px;\">1626<\/td>\n<\/tr>\n<tr style=\"height: 23px;\">\n<td style=\"width: 86px; height: 23px;\">WFK 50<\/td>\n<td style=\"width: 155px; height: 23px;\">21000071<\/td>\n<td style=\"width: 32px; height: 23px;\">505<\/td>\n<td style=\"width: 40px; height: 23px;\">548<\/td>\n<td style=\"width: 38px; height: 23px;\">443<\/td>\n<td style=\"width: 24px; height: 23px;\">42<\/td>\n<td style=\"width: 24px; height: 23px;\">31<\/td>\n<td style=\"width: 33px; height: 23px;\">1942<\/td>\n<\/tr>\n<tr style=\"height: 23px;\">\n<td style=\"width: 86px; height: 23px;\">WFK 55*<\/td>\n<td style=\"width: 155px; height: 23px;\">21000081<\/td>\n<td style=\"width: 32px; height: 23px;\">&#8211;<\/td>\n<td style=\"width: 40px; height: 23px;\">603<\/td>\n<td style=\"width: 38px; height: 23px;\">520<\/td>\n<td style=\"width: 24px; height: 23px;\">44<\/td>\n<td style=\"width: 24px; height: 23px;\">28<\/td>\n<td style=\"width: 33px; height: 23px;\">3019<\/td>\n<\/tr>\n<tr style=\"height: 23px;\">\n<td style=\"width: 86px; height: 23px;\">WFK 65*<\/td>\n<td style=\"width: 155px; height: 23px;\">21000101<\/td>\n<td style=\"width: 32px; height: 23px;\">&#8211;<\/td>\n<td style=\"width: 40px; height: 23px;\">696<\/td>\n<td style=\"width: 38px; height: 23px;\">628<\/td>\n<td style=\"width: 24px; height: 23px;\">44<\/td>\n<td style=\"width: 24px; height: 23px;\">31<\/td>\n<td style=\"width: 33px; height: 23px;\">3969<\/td>\n<\/tr>\n<tr style=\"height: 23px;\">\n<td style=\"width: 86px; height: 23px;\">WFK 70**<\/td>\n<td style=\"width: 155px; height: 23px;\">21000531<\/td>\n<td style=\"width: 32px; height: 23px;\">&#8211;<\/td>\n<td style=\"width: 40px; height: 23px;\">740<\/td>\n<td style=\"width: 38px; height: 23px;\">672<\/td>\n<td style=\"width: 24px; height: 23px;\">40<\/td>\n<td style=\"width: 24px; height: 23px;\">40<\/td>\n<td style=\"width: 33px; height: 23px;\">4586<\/td>\n<\/tr>\n<tr style=\"height: 23px;\">\n<td style=\"width: 86px; height: 23px;\">WFK 71**<\/td>\n<td style=\"width: 155px; height: 23px;\">21000541<\/td>\n<td style=\"width: 32px; height: 23px;\">&#8211;<\/td>\n<td style=\"width: 40px; height: 23px;\">760<\/td>\n<td style=\"width: 38px; height: 23px;\">692<\/td>\n<td style=\"width: 24px; height: 23px;\">40<\/td>\n<td style=\"width: 24px; height: 23px;\">40<\/td>\n<td style=\"width: 33px; height: 23px;\">4859<\/td>\n<\/tr>\n<tr style=\"height: 23px;\">\n<td style=\"width: 86px; height: 23px;\">WFK 75**<\/td>\n<td style=\"width: 155px; height: 23px;\">21000551<\/td>\n<td style=\"width: 32px; height: 23px;\">&#8211;<\/td>\n<td style=\"width: 40px; height: 23px;\">790<\/td>\n<td style=\"width: 38px; height: 23px;\">722<\/td>\n<td style=\"width: 24px; height: 23px;\">40<\/td>\n<td style=\"width: 24px; height: 23px;\">40<\/td>\n<td style=\"width: 33px; height: 23px;\">5213<\/td>\n<\/tr>\n<tr style=\"height: 47px;\">\n<td style=\"width: 86px; height: 31px;\">WFK 80**<\/td>\n<td style=\"width: 155px; height: 31px;\">21000561<\/td>\n<td style=\"width: 32px; height: 31px;\">&#8211;<\/td>\n<td style=\"width: 40px; height: 31px;\">840<\/td>\n<td style=\"width: 38px; height: 31px;\">772<\/td>\n<td style=\"width: 24px; height: 31px;\">40<\/td>\n<td style=\"width: 24px; height: 31px;\">40<\/td>\n<td style=\"width: 33px; height: 31px;\">6031<\/td>\n<\/tr>\n<tr style=\"height: 23px;\">\n<td style=\"width: 86px; height: 23px;\">WFK 85**<\/td>\n<td style=\"width: 155px; height: 23px;\">21000571<\/td>\n<td style=\"width: 32px; height: 23px;\">&#8211;<\/td>\n<td style=\"width: 40px; height: 23px;\">890<\/td>\n<td style=\"width: 38px; height: 23px;\">822<\/td>\n<td style=\"width: 24px; height: 23px;\">40<\/td>\n<td style=\"width: 24px; height: 23px;\">40<\/td>\n<td style=\"width: 33px; height: 23px;\">6581<\/td>\n<\/tr>\n<tr style=\"height: 47px;\">\n<td style=\"width: 86px; height: 27px;\">WFK 90***<\/td>\n<td style=\"width: 155px; height: 27px;\">21000581<\/td>\n<td style=\"width: 32px; height: 27px;\">&#8211;<\/td>\n<td style=\"width: 40px; height: 27px;\">940<\/td>\n<td style=\"width: 38px; height: 27px;\">872<\/td>\n<td style=\"width: 24px; height: 27px;\">40<\/td>\n<td style=\"width: 24px; height: 27px;\">40<\/td>\n<td style=\"width: 33px; height: 27px;\">6926<\/td>\n<\/tr>\n<tr style=\"height: 47px;\">\n<td style=\"width: 86px; height: 30px;\">WFK 95***<\/td>\n<td style=\"width: 155px; height: 30px;\">21000591<\/td>\n<td style=\"width: 32px; height: 30px;\">&#8211;<\/td>\n<td style=\"width: 40px; height: 30px;\">990<\/td>\n<td style=\"width: 38px; height: 30px;\">922<\/td>\n<td style=\"width: 24px; height: 30px;\">40<\/td>\n<td style=\"width: 24px; height: 30px;\">40<\/td>\n<td style=\"width: 33px; height: 30px;\">8235<\/td>\n<\/tr>\n<tr style=\"height: 47px;\">\n<td style=\"width: 86px; height: 31px;\">WFK 100***<\/td>\n<td style=\"width: 155px; height: 31px;\">21000601<\/td>\n<td style=\"width: 32px; height: 31px;\">&#8211;<\/td>\n<td style=\"width: 40px; height: 31px;\">1040<\/td>\n<td style=\"width: 38px; height: 31px;\">972<\/td>\n<td style=\"width: 24px; height: 31px;\">40<\/td>\n<td style=\"width: 24px; height: 31px;\">40<\/td>\n<td style=\"width: 33px; height: 31px;\">9171<\/td>\n<\/tr>\n<tr style=\"height: 47px;\">\n<td style=\"width: 86px; height: 28px;\">WFK 110***<\/td>\n<td style=\"width: 155px; height: 28px;\">21000611<\/td>\n<td style=\"width: 32px; height: 28px;\">&#8211;<\/td>\n<td style=\"width: 40px; height: 28px;\">1140<\/td>\n<td style=\"width: 38px; height: 28px;\">1072<\/td>\n<td style=\"width: 24px; height: 28px;\">40<\/td>\n<td style=\"width: 24px; height: 28px;\">40<\/td>\n<td style=\"width: 33px; height: 28px;\">11159<\/td>\n<\/tr>\n<\/tbody>\n<\/table>\n<p class=\"table_info\">Ma\u00dfangaben in mm. Technische \u00c4nderungen vorbehalten \u2013&nbsp; hellgrau ~ RAL 7035&nbsp;<br \/>\n* ein Feld mit Mittelsteg \/ ** zwei Felder \/ *** drei Felder<\/p>\n","protected":false},"excerpt":{"rendered":"<p>Typ WFK Kunststoff-Ventilator-Verschlussklappe zur Be- und Entl\u00fcftung Lamellen sind fest mit dem Rahmen verbunden Au\u00dfenwitterungs-Best\u00e4ndigkeit (UV-stabil) Einsetzbar in Temperaturbereichen von -30 \u00b0C bis +60 \u00b0C \u00d6ffnungswinkel 20\u00b0 auch mit gr\u00f6\u00dferem \u00d6ffnungswinkel erh\u00e4ltlich (40\u00b0) Spezifisch ausgelegte Konstruktion garantiert eine lange Lebensdauer Hergestellt aus Qualit\u00e4tskunststoff mit positiver \u00d6kobilanz Anzahl der Lamellen variiert mit Gr\u00f6\u00dfe der Verschlussklappe Jede [&hellip;]<\/p>\n","protected":false},"author":8,"featured_media":1499,"parent":50,"menu_order":100,"comment_status":"open","ping_status":"closed","template":"produktdetails.php","meta":{"ngg_post_thumbnail":0},"yst_prominent_words":[138,124,117,134,136,143,178,412,415,179,126,145,140,137,129,481,120,121],"_links":{"self":[{"href":"https:\/\/www.getair.eu\/klima-agrar-industrie\/wp-json\/wp\/v2\/pages\/646"}],"collection":[{"href":"https:\/\/www.getair.eu\/klima-agrar-industrie\/wp-json\/wp\/v2\/pages"}],"about":[{"href":"https:\/\/www.getair.eu\/klima-agrar-industrie\/wp-json\/wp\/v2\/types\/page"}],"author":[{"embeddable":true,"href":"https:\/\/www.getair.eu\/klima-agrar-industrie\/wp-json\/wp\/v2\/users\/8"}],"replies":[{"embeddable":true,"href":"https:\/\/www.getair.eu\/klima-agrar-industrie\/wp-json\/wp\/v2\/comments?post=646"}],"version-history":[{"count":67,"href":"https:\/\/www.getair.eu\/klima-agrar-industrie\/wp-json\/wp\/v2\/pages\/646\/revisions"}],"predecessor-version":[{"id":3062,"href":"https:\/\/www.getair.eu\/klima-agrar-industrie\/wp-json\/wp\/v2\/pages\/646\/revisions\/3062"}],"up":[{"embeddable":true,"href":"https:\/\/www.getair.eu\/klima-agrar-industrie\/wp-json\/wp\/v2\/pages\/50"}],"wp:featuredmedia":[{"embeddable":true,"href":"https:\/\/www.getair.eu\/klima-agrar-industrie\/wp-json\/wp\/v2\/media\/1499"}],"wp:attachment":[{"href":"https:\/\/www.getair.eu\/klima-agrar-industrie\/wp-json\/wp\/v2\/media?parent=646"}],"wp:term":[{"taxonomy":"yst_prominent_words","embeddable":true,"href":"https:\/\/www.getair.eu\/klima-agrar-industrie\/wp-json\/wp\/v2\/yst_prominent_words?post=646"}],"curies":[{"name":"wp","href":"https:\/\/api.w.org\/{rel}","templated":true}]}}