{"id":675,"date":"2013-05-16T15:21:40","date_gmt":"2013-05-16T15:21:40","guid":{"rendered":"http:\/\/www.getair.eu\/klima-agrar-industrie\/?page_id=675"},"modified":"2019-09-30T10:18:10","modified_gmt":"2019-09-30T10:18:10","slug":"sondergrosen-fertigung-in-allen-abmessungen","status":"publish","type":"page","link":"https:\/\/www.getair.eu\/klima-agrar-industrie\/produkte\/bauelemente-und-sonderanfertigungen\/sondergrosen-fertigung-in-allen-abmessungen\/","title":{"rendered":"Sonderanfertigungen"},"content":{"rendered":"<h2>Sondergr\u00f6\u00dfen<\/h2>\n<h3>Fertigung in allen Abmessungen<\/h3>\n<ul>\n<li>Wir fertigen Ventilator-Verschlussklappen auch nach Ihren Ma\u00dfangaben &#8211; ob als Einzelst\u00fcck oder Serienfertigung<\/li>\n<li>Folgende Ausf\u00fchrungen k\u00f6nnen wir in allen Gr\u00f6\u00dfen fertigen:<br \/>\n&#8211; selbstt\u00e4tige Typ WSK-S<br \/>\n&#8211; selbstt\u00e4tige Typ WSK-S EX<br \/>\n&#8211; feststehende Typ WFK-S<br \/>\n&#8211; regelbare Typ WRK-S<br \/>\n&#8211; motorische Typ WMK-S<br \/>\n&#8211; Aluminium Typ WAK-S<\/li>\n<li>Zum Einbau in Klimakan\u00e4le, f\u00fcr Kanalventilatoren und besondere Anwendungsf\u00e4lle<\/li>\n<li>Je nach Abmessung wird die Verschlussklappe aus einem oder mehreren Rahmenfeldern zusammengesetzt<\/li>\n<li>Alle Rahmen haben eine Tiefe von 40 mm und eine Profilbreite von 20 mm (au\u00dfer WAK) \u2013 Abweichungen m\u00f6glich<\/li>\n<li>Standardm\u00e4\u00dfig werden alle Sondergr\u00f6\u00dfen mit einem Langloch zur Wandbefestigung produziert, auf Wunsch auch Lieferung ohne Wandbefestigung m\u00f6glich<\/li>\n<\/ul>\n<p><a class=\"alignleft\" href=\"http:\/\/www.getair.eu\/klima-agrar-industrie\/wp-content\/uploads\/2013\/05\/FIAA_Produktbild.jpg\" rel=\"lightbox[produktbilder]\"><span class=\"view-data\">Produktbilder<\/span><img class=\"alignnone wp-image-104\" src=\"http:\/\/www.getair.eu\/klima-agrar-industrie\/wp-content\/uploads\/2013\/05\/FIAA_Produktbild_Content_Thumb.jpg\" alt=\"produktbild\"><\/a><a class=\"alignleft\" href=\"http:\/\/www.getair.eu\/klima-agrar-industrie\/wp-content\/uploads\/2013\/05\/FIAA_Zeichnung.jpg\" rel=\"lightbox[zeichnungen]\"><span class=\"view-data\">Zeichnungen<\/span><img class=\"alignnone wp-image-104\" src=\"http:\/\/www.getair.eu\/klima-agrar-industrie\/wp-content\/uploads\/2013\/05\/FIAA_Zeichnung_Content_Thumb.jpg\" alt=\"zeichnung\"><\/a><a class=\"alignleft\" href=\"http:\/\/www.getair.eu\/klima-agrar-industrie\/wp-content\/uploads\/2013\/05\/FIAA_Skizze.jpg\" rel=\"lightbox[skizze]\"><span class=\"view-data\">Skizzen<\/span><img class=\"alignnone wp-image-104\" src=\"http:\/\/www.getair.eu\/klima-agrar-industrie\/wp-content\/uploads\/2013\/05\/FIAA_Skizze_Content_Thumb.jpg\" alt=\"zeichnung\"><\/a><\/p>\n<div class=\"clear\">&nbsp;<\/div>\n<p>&nbsp;<\/p>\n<h2>Sonderausf\u00fchrungen<\/h2>\n<h3>Fertigung in allen Abmessungen<\/h3>\n<p>F\u00fcr den individuellen Einsatz entwickeln wir Sonderausf\u00fchrungen in allen Varianten. Beispielsweise die<br \/>\nKombination aus einer Aluminium-Verschlussklappe mit feststehenden Lamellen und einer Kunststoff-<br \/>\nVerschlussklappe mit selbstt\u00e4tigen Lamellen. Sprechen Sie einfach mit uns \u00fcber Ihre Anforderungen<br \/>\nund Ideen. Wir beraten Sie kompetent und zuverl\u00e4ssig.<\/p>\n<p><a class=\"alignleft\" href=\"http:\/\/www.getair.eu\/klima-agrar-industrie\/wp-content\/uploads\/2013\/05\/FIAA_2_Produktbild.jpg\" rel=\"lightbox[produktbild]\"><span class=\"view-data\">Produktbilder<\/span><img class=\"alignnone wp-image-104\" src=\"http:\/\/www.getair.eu\/klima-agrar-industrie\/wp-content\/uploads\/2013\/05\/FIAA_2_Produktbild_Content_Thumb.jpg\" alt=\"produktbild\"><\/a><\/p>\n<div class=\"clear\">&nbsp;<\/div>\n<div style=\"display: none;\">\n<p><a href=\"http:\/\/www.getair.eu\/klima-agrar-industrie\/wp-content\/uploads\/2013\/05\/FIAA_Produktbild_2.jpg\" rel=\"lightbox[produktbilder]\"><img loading=\"lazy\" class=\"alignnone size-full wp-image-1761\" src=\"http:\/\/www.getair.eu\/klima-agrar-industrie\/wp-content\/uploads\/2013\/04\/bauelemente-lufttechnik.jpg\" alt=\"bauelemente-lufttechnik\" width=\"0\" height=\"0\" srcset=\"https:\/\/www.getair.eu\/klima-agrar-industrie\/wp-content\/uploads\/2013\/04\/bauelemente-lufttechnik.jpg 226w, https:\/\/www.getair.eu\/klima-agrar-industrie\/wp-content\/uploads\/2013\/04\/bauelemente-lufttechnik-150x150.jpg 150w\" sizes=\"(max-width: 226px) 100vw, 226px\" \/><\/a><\/p>\n<p><a href=\"http:\/\/www.getair.eu\/klima-agrar-industrie\/wp-content\/uploads\/2013\/05\/FIAA_Produktbild_3.jpg\" rel=\"lightbox[produktbilder]\"><img loading=\"lazy\" class=\"alignnone size-full wp-image-1761\" src=\"http:\/\/www.getair.eu\/klima-agrar-industrie\/wp-content\/uploads\/2013\/04\/bauelemente-lufttechnik.jpg\" alt=\"bauelemente-lufttechnik\" width=\"0\" height=\"0\" srcset=\"https:\/\/www.getair.eu\/klima-agrar-industrie\/wp-content\/uploads\/2013\/04\/bauelemente-lufttechnik.jpg 226w, https:\/\/www.getair.eu\/klima-agrar-industrie\/wp-content\/uploads\/2013\/04\/bauelemente-lufttechnik-150x150.jpg 150w\" sizes=\"(max-width: 226px) 100vw, 226px\" \/><\/a><\/p>\n<\/div>\n","protected":false},"excerpt":{"rendered":"<p>Sondergr\u00f6\u00dfen Fertigung in allen Abmessungen Wir fertigen Ventilator-Verschlussklappen auch nach Ihren Ma\u00dfangaben &#8211; ob als Einzelst\u00fcck oder Serienfertigung Folgende Ausf\u00fchrungen k\u00f6nnen wir in allen Gr\u00f6\u00dfen fertigen: &#8211; selbstt\u00e4tige Typ WSK-S &#8211; selbstt\u00e4tige Typ WSK-S EX &#8211; feststehende Typ WFK-S &#8211; regelbare Typ WRK-S &#8211; motorische Typ WMK-S &#8211; Aluminium Typ WAK-S Zum Einbau in Klimakan\u00e4le, [&hellip;]<\/p>\n","protected":false},"author":8,"featured_media":2740,"parent":218,"menu_order":30,"comment_status":"open","ping_status":"open","template":"produktdetails.php","meta":{"ngg_post_thumbnail":0},"yst_prominent_words":[223,224,222,216,137,129,228,225,217,215,229,221,120,218,121,227,220],"_links":{"self":[{"href":"https:\/\/www.getair.eu\/klima-agrar-industrie\/wp-json\/wp\/v2\/pages\/675"}],"collection":[{"href":"https:\/\/www.getair.eu\/klima-agrar-industrie\/wp-json\/wp\/v2\/pages"}],"about":[{"href":"https:\/\/www.getair.eu\/klima-agrar-industrie\/wp-json\/wp\/v2\/types\/page"}],"author":[{"embeddable":true,"href":"https:\/\/www.getair.eu\/klima-agrar-industrie\/wp-json\/wp\/v2\/users\/8"}],"replies":[{"embeddable":true,"href":"https:\/\/www.getair.eu\/klima-agrar-industrie\/wp-json\/wp\/v2\/comments?post=675"}],"version-history":[{"count":51,"href":"https:\/\/www.getair.eu\/klima-agrar-industrie\/wp-json\/wp\/v2\/pages\/675\/revisions"}],"predecessor-version":[{"id":3089,"href":"https:\/\/www.getair.eu\/klima-agrar-industrie\/wp-json\/wp\/v2\/pages\/675\/revisions\/3089"}],"up":[{"embeddable":true,"href":"https:\/\/www.getair.eu\/klima-agrar-industrie\/wp-json\/wp\/v2\/pages\/218"}],"wp:featuredmedia":[{"embeddable":true,"href":"https:\/\/www.getair.eu\/klima-agrar-industrie\/wp-json\/wp\/v2\/media\/2740"}],"wp:attachment":[{"href":"https:\/\/www.getair.eu\/klima-agrar-industrie\/wp-json\/wp\/v2\/media?parent=675"}],"wp:term":[{"taxonomy":"yst_prominent_words","embeddable":true,"href":"https:\/\/www.getair.eu\/klima-agrar-industrie\/wp-json\/wp\/v2\/yst_prominent_words?post=675"}],"curies":[{"name":"wp","href":"https:\/\/api.w.org\/{rel}","templated":true}]}}