{"id":9,"date":"2013-04-12T08:15:01","date_gmt":"2013-04-12T08:15:01","guid":{"rendered":"http:\/\/www.getair.eu\/klima-agrar-industrie\/?page_id=9"},"modified":"2014-12-08T15:17:43","modified_gmt":"2014-12-08T15:17:43","slug":"qualitat","status":"publish","type":"page","link":"https:\/\/www.getair.eu\/klima-agrar-industrie\/qualitat\/","title":{"rendered":"Qualit\u00e4t"},"content":{"rendered":"<p><img loading=\"lazy\" class=\" wp-image-353 alignleft\" style=\"border: 0px none;\" title=\"logo\" src=\"http:\/\/www.getair.eu\/klima-agrar-industrie\/wp-content\/uploads\/2013\/04\/Qualitaet_Tuev.jpg\" alt=\"\" width=\"168\" height=\"128\" \/>Klimatechnik Weiss Produkte sind Qualit\u00e4tsprodukte. Unsere obersten Ziele sind Qualit\u00e4t und Kundenzufriedenheit. Die Entwicklung und Produktion von Ventilator-Verschlussklappen, Luftzufuhr- und Abluftelementen sowie Zubeh\u00f6rteilen f\u00fcr die L\u00fcftungs- und Klimaindustrie ist von der T\u00dcV NORD CERT GmbH nach DIN EN ISO 9001 mit Ihrem aktuellen Revisionsstand zertifiziert.<\/p>\n<div style=\"clear: both; margin: 0 0 30px 0; height: 20px; border-bottom: 2px solid #eee;\"><\/div>\n<p><img loading=\"lazy\" class=\" wp-image-353 alignleft\" style=\"border: 0px none;\" title=\"logo\" src=\"http:\/\/www.getair.eu\/klima-agrar-industrie\/wp-content\/uploads\/2013\/04\/Qualitaet_CE_1.jpg\" alt=\"\" width=\"168\" height=\"128\" \/>Die zu beachtenden Normen und Vorschriften werden eingehalten. Wir produzieren Kunststoffteile gem\u00e4\u00df CE, Konformit\u00e4tsbescheinigungen liegen vor.<\/p>\n<div style=\"clear: both; margin: 0 0 30px 0; height: 20px; border-bottom: 2px solid #eee;\"><\/div>\n<p><img loading=\"lazy\" class=\" wp-image-353 alignleft\" style=\"border: 0px none;\" title=\"logo\" src=\"http:\/\/www.getair.eu\/klima-agrar-industrie\/wp-content\/uploads\/2013\/04\/Qualitaet_DLG.jpg\" alt=\"\" width=\"168\" height=\"128\" \/>Von der DLG Pr\u00fcfstelle in Gro\u00df-Umstadt sind viele Produkte gepr\u00fcft und als &#8220;DLG anerkannte&#8221; Produkte ausgezeichnet.<\/p>\n<div style=\"clear: both; margin: 0 0 30px 0; height: 20px; border-bottom: 2px solid #eee;\"><\/div>\n<p><img loading=\"lazy\" class=\" wp-image-353 alignleft\" style=\"border: 0px none;\" title=\"logo\" src=\"http:\/\/www.getair.eu\/klima-agrar-industrie\/wp-content\/uploads\/2013\/04\/Qualitaet_Kusntstoffland.jpg\" alt=\"\" width=\"168\" height=\"128\" \/>Im Verein kunststoffland NRW haben sich Unternehmen aus der Kunststoffbranche in NRW zusammengefunden, um das gemeinsame Ziel der Branche, die St\u00e4rkung von Kompetenz und Exzellenz, zu verwirklichen und davon zu profitieren.<\/p>\n<div style=\"clear: both; margin: 0 0 30px 0; height: 20px; border-bottom: 2px solid #eee;\"><\/div>\n<p><img loading=\"lazy\" class=\" wp-image-353 alignleft\" style=\"border: 0px none;\" title=\"logo\" src=\"http:\/\/www.getair.eu\/klima-agrar-industrie\/wp-content\/uploads\/2013\/04\/weltkugel2.jpg\" alt=\"\" width=\"168\" height=\"112\" \/>Wichtig ist uns eine umweltvertr\u00e4gliche und Ressourcen schonende Fertigung \u2013 gerade auch bei unserer energieintensiven Kunststoffverarbeitung.<\/p>\n<div style=\"clear: both; margin: 0 0 30px 0; height: 20px; border-bottom: 2px solid #eee;\"><\/div>\n<p><img loading=\"lazy\" class=\"alignleft wp-image-2341\" src=\"http:\/\/www.getair.eu\/klima-agrar-industrie\/wp-content\/uploads\/2013\/04\/Logo_RAL-300x267.jpg\" alt=\"Logo_RAL\" width=\"169\" height=\"150\" srcset=\"https:\/\/www.getair.eu\/klima-agrar-industrie\/wp-content\/uploads\/2013\/04\/Logo_RAL-300x267.jpg 300w, https:\/\/www.getair.eu\/klima-agrar-industrie\/wp-content\/uploads\/2013\/04\/Logo_RAL.jpg 491w\" sizes=\"(max-width: 169px) 100vw, 169px\" \/>Die Standardfarben unserer Produkte entsprechen<\/p>\n<p>bei Angabe grau in etwa RAL 7001<br \/>\nbei Angabe hellgrau in etwa RAL 7035<br \/>\nbei Angabe wei\u00df in etwa RAL 9010<br \/>\nbei Angabe schwarz in etwa RAL 9005<br \/>\nbei Angabe anthrazitin etwa RAL 9023<\/p>\n<p>&nbsp;<\/p>\n<p>Bei gr\u00f6\u00dferen Bestellmengen ist nach Absprache jede weitere Farbe lieferbar.<\/p>\n","protected":false},"excerpt":{"rendered":"<p>Klimatechnik Weiss Produkte sind Qualit\u00e4tsprodukte. Unsere obersten Ziele sind Qualit\u00e4t und Kundenzufriedenheit. Die Entwicklung und Produktion von Ventilator-Verschlussklappen, Luftzufuhr- und Abluftelementen sowie Zubeh\u00f6rteilen f\u00fcr die L\u00fcftungs- und Klimaindustrie ist von der T\u00dcV NORD CERT GmbH nach DIN EN ISO 9001 mit Ihrem aktuellen Revisionsstand zertifiziert. Die zu beachtenden Normen und Vorschriften werden eingehalten. Wir produzieren [&hellip;]<\/p>\n","protected":false},"author":8,"featured_media":0,"parent":0,"menu_order":0,"comment_status":"open","ping_status":"open","template":"","meta":{"ngg_post_thumbnail":0},"yst_prominent_words":[],"_links":{"self":[{"href":"https:\/\/www.getair.eu\/klima-agrar-industrie\/wp-json\/wp\/v2\/pages\/9"}],"collection":[{"href":"https:\/\/www.getair.eu\/klima-agrar-industrie\/wp-json\/wp\/v2\/pages"}],"about":[{"href":"https:\/\/www.getair.eu\/klima-agrar-industrie\/wp-json\/wp\/v2\/types\/page"}],"author":[{"embeddable":true,"href":"https:\/\/www.getair.eu\/klima-agrar-industrie\/wp-json\/wp\/v2\/users\/8"}],"replies":[{"embeddable":true,"href":"https:\/\/www.getair.eu\/klima-agrar-industrie\/wp-json\/wp\/v2\/comments?post=9"}],"version-history":[{"count":35,"href":"https:\/\/www.getair.eu\/klima-agrar-industrie\/wp-json\/wp\/v2\/pages\/9\/revisions"}],"predecessor-version":[{"id":2343,"href":"https:\/\/www.getair.eu\/klima-agrar-industrie\/wp-json\/wp\/v2\/pages\/9\/revisions\/2343"}],"wp:attachment":[{"href":"https:\/\/www.getair.eu\/klima-agrar-industrie\/wp-json\/wp\/v2\/media?parent=9"}],"wp:term":[{"taxonomy":"yst_prominent_words","embeddable":true,"href":"https:\/\/www.getair.eu\/klima-agrar-industrie\/wp-json\/wp\/v2\/yst_prominent_words?post=9"}],"curies":[{"name":"wp","href":"https:\/\/api.w.org\/{rel}","templated":true}]}}