{"id":948,"date":"2013-06-13T14:42:38","date_gmt":"2013-06-13T14:42:38","guid":{"rendered":"http:\/\/www.getair.eu\/klima-agrar-industrie\/?page_id=948"},"modified":"2019-10-01T11:02:25","modified_gmt":"2019-10-01T11:02:25","slug":"bauelemente-fur-die-lufttechnik","status":"publish","type":"page","link":"https:\/\/www.getair.eu\/klima-agrar-industrie\/produkte\/bauelemente-und-sonderanfertigungen\/bauelemente-fur-die-lufttechnik\/","title":{"rendered":"Bauteile f\u00fcr die Lufttechnik"},"content":{"rendered":"<h2>Bauelemente f\u00fcr die Lufttechnik<\/h2>\n<h3>Einzelteile<\/h3>\n<ul>\n<li>Au\u00dfenwitterungs-Best\u00e4ndigkeit (UV-stabil)<\/li>\n<li>Einsetzbar in Temperaturbereichen von -30 \u00b0C bis +60 \u00b0C<\/li>\n<li>Spezifisch ausgelegte Konstruktion garantiert eine lange Lebensdauer<\/li>\n<li>Au\u00dfenwitterungs-Best\u00e4ndigkeit (UV-stabil)<\/li>\n<li>Hergestellt aus Qualit\u00e4tskunststoff mit positiver \u00d6kobilanz<\/li>\n<\/ul>\n<div style=\"margin-bottom: 30px;\">\n<p><a class=\"alignleft\" href=\"http:\/\/www.getair.eu\/klima-agrar-industrie\/wp-content\/uploads\/2013\/06\/kunststoffstift.jpg\" rel=\"lightbox[kunststoffstift]\"><span class=\"view-data\">Kunststoffstift<\/span><img class=\"alignnone wp-image-104\" src=\"http:\/\/www.getair.eu\/klima-agrar-industrie\/wp-content\/uploads\/2013\/06\/kunststoffstift_content_thumb.jpg\" alt=\"produktbild\"><\/a><a class=\"alignleft\" href=\"http:\/\/www.getair.eu\/klima-agrar-industrie\/wp-content\/uploads\/2013\/06\/kunststoffnagel.jpg\" rel=\"lightbox[kunststoffnagel]\"><span class=\"view-data\">Kunststoffnagel<\/span><img class=\"alignnone wp-image-104\" src=\"http:\/\/www.getair.eu\/klima-agrar-industrie\/wp-content\/uploads\/2013\/06\/kunststoffnagel_thumb.jpg\" alt=\"zeichnung\"><\/a><a class=\"alignleft\" href=\"http:\/\/www.getair.eu\/klima-agrar-industrie\/wp-content\/uploads\/2013\/06\/umlenkrolle.jpg\" rel=\"lightbox[umlenkrolle]\"><span class=\"view-data\">Umlenkrolle<\/span><img class=\"alignnone wp-image-104\" src=\"http:\/\/www.getair.eu\/klima-agrar-industrie\/wp-content\/uploads\/2013\/06\/umlenkrolle_thumb.jpg\" alt=\"zeichnung\"><\/a><a class=\"alignleft\" href=\"http:\/\/www.getair.eu\/klima-agrar-industrie\/wp-content\/uploads\/2013\/06\/feststeller.jpg\" rel=\"lightbox[feststeller]\"><span class=\"view-data\">Feststeller<\/span><img class=\"alignnone wp-image-104\" src=\"http:\/\/www.getair.eu\/klima-agrar-industrie\/wp-content\/uploads\/2013\/06\/feststeller_thumb.jpg\" alt=\"zeichnung\"><\/a><\/p>\n<div class=\"clear\">&nbsp;<\/div>\n<\/div>\n<div style=\"margin-bottom: 30px;\">\n<p><a class=\"alignleft\" href=\"http:\/\/www.getair.eu\/klima-agrar-industrie\/wp-content\/uploads\/2013\/06\/schnurkopf.jpg\" rel=\"lightbox[schnurkopf]\"><span class=\"view-data\">Schnurkopf<\/span><img class=\"alignnone wp-image-104\" src=\"http:\/\/www.getair.eu\/klima-agrar-industrie\/wp-content\/uploads\/2013\/06\/schnurkopf_thumb.jpg\" alt=\"zeichnung\"><\/a><a class=\"alignleft\" href=\"http:\/\/www.getair.eu\/klima-agrar-industrie\/wp-content\/uploads\/2013\/06\/grosse_wandbefestigung.jpg\" rel=\"lightbox[grwandbefestigung]\"><span class=\"view-data\">gr. Wandbefestig.<\/span><img class=\"alignnone wp-image-104\" src=\"http:\/\/www.getair.eu\/klima-agrar-industrie\/wp-content\/uploads\/2013\/06\/grosse_wandbefestigung_thumb.jpg\" alt=\"zeichnung\"><\/a><a class=\"alignleft\" href=\"http:\/\/www.getair.eu\/klima-agrar-industrie\/wp-content\/uploads\/2013\/06\/steckecke.jpg\" rel=\"lightbox[steckecke]\"><span class=\"view-data\">Steckecke 90\u00b0<\/span><img class=\"alignnone wp-image-104\" src=\"http:\/\/www.getair.eu\/klima-agrar-industrie\/wp-content\/uploads\/2013\/06\/steckecke_thumb.jpg\" alt=\"zeichnung\"><\/a><a class=\"alignleft\" href=\"http:\/\/www.getair.eu\/klima-agrar-industrie\/wp-content\/uploads\/2013\/06\/runde_steckecke.jpg\" rel=\"lightbox[rundesteckecke]\"><span class=\"view-data\">runde Steckecke<\/span><img class=\"alignnone wp-image-104\" src=\"http:\/\/www.getair.eu\/klima-agrar-industrie\/wp-content\/uploads\/2013\/06\/runde_steckecke_thumb.jpg\" alt=\"zeichnung\"><\/a><\/p>\n<div class=\"clear\">&nbsp;<\/div>\n<\/div>\n<div style=\"margin-bottom: 30px;\">\n<p><a class=\"alignleft\" href=\"http:\/\/www.getair.eu\/klima-agrar-industrie\/wp-content\/uploads\/2013\/06\/runde_profilecke.jpg\" rel=\"lightbox[rundeklebeecke]\"><span class=\"view-data\">runde Klebeecke<\/span><img class=\"alignnone wp-image-104\" src=\"http:\/\/www.getair.eu\/klima-agrar-industrie\/wp-content\/uploads\/2013\/06\/runde_profilecke_thumb.jpg\" alt=\"zeichnung\"><\/a><a class=\"alignleft\" href=\"http:\/\/www.getair.eu\/klima-agrar-industrie\/wp-content\/uploads\/2013\/06\/runde_wandbefestigung.jpg\" rel=\"lightbox[rundewandbefestigung]\"><span class=\"view-data\">ru. Wandbefestig.<\/span><img class=\"alignnone wp-image-104\" src=\"http:\/\/www.getair.eu\/klima-agrar-industrie\/wp-content\/uploads\/2013\/06\/runde_wandbefestigung_thumb.jpg\" alt=\"zeichnung\"><\/a><a class=\"alignleft\" href=\"http:\/\/www.getair.eu\/klima-agrar-industrie\/wp-content\/uploads\/2013\/06\/unterlegscheibe.jpg\" rel=\"lightbox[unterlegscheibe]\"><span class=\"view-data\">Unterlegscheibe<\/span><img class=\"alignnone wp-image-104\" src=\"http:\/\/www.getair.eu\/klima-agrar-industrie\/wp-content\/uploads\/2013\/06\/unterlegscheibe_thumb.jpg\" alt=\"zeichnung\"><\/a><a class=\"alignleft\" href=\"http:\/\/www.getair.eu\/klima-agrar-industrie\/wp-content\/uploads\/2013\/06\/eckverbinder.jpg\" rel=\"lightbox[eckverbinder]\"><span class=\"view-data\">Eckverbinder<\/span><img class=\"alignnone wp-image-104\" src=\"http:\/\/www.getair.eu\/klima-agrar-industrie\/wp-content\/uploads\/2013\/06\/eckverbinder_thumb.jpg\" alt=\"zeichnung\"><\/a><\/p>\n<div class=\"clear\">&nbsp;<\/div>\n<\/div>\n<div style=\"margin-bottom: 30px;\">\n<p><a class=\"alignleft\" href=\"http:\/\/www.getair.eu\/klima-agrar-industrie\/wp-content\/uploads\/2013\/06\/flachecke.jpg\" rel=\"lightbox[flachecke]\"><span class=\"view-data\">Flachecke<\/span><img class=\"alignnone wp-image-104\" src=\"http:\/\/www.getair.eu\/klima-agrar-industrie\/wp-content\/uploads\/2013\/06\/flachecke_thumb.jpg\" alt=\"zeichnung\"><\/a><a class=\"alignleft\" href=\"http:\/\/www.getair.eu\/klima-agrar-industrie\/wp-content\/uploads\/2013\/06\/Motor.jpg\" rel=\"lightbox[motor]\"><span class=\"view-data\">Motor<\/span><img class=\"alignnone wp-image-104\" src=\"http:\/\/www.getair.eu\/klima-agrar-industrie\/wp-content\/uploads\/2013\/06\/Motor_Content_Thumb.jpg\" alt=\"zeichnung\"><\/a><\/p>\n<div class=\"clear\">&nbsp;<\/div>\n<\/div>\n<table style=\"height: 345px;\">\n<tbody>\n<tr style=\"height: 23px;\">\n<th style=\"height: 46px;\" rowspan=\"2\">Bezeichnung<\/th>\n<th style=\"height: 23px;\" colspan=\"5\">Artikelnummer<\/th>\n<\/tr>\n<tr style=\"height: 23px;\">\n<th class=\"darker\" style=\"height: 23px;\">Grau<\/th>\n<th class=\"darker\" style=\"height: 23px;\">Hellgrau<\/th>\n<th class=\"darker\" style=\"height: 23px;\">Wei\u00df<\/th>\n<th class=\"darker\" style=\"height: 23px;\">Farblos<\/th>\n<th class=\"darker\" style=\"height: 23px;\">Hellblau<\/th>\n<\/tr>\n<tr style=\"height: 23px;\">\n<td style=\"height: 23px;\">Kunststoffstift<\/td>\n<td style=\"height: 23px;\">&#8211;<\/td>\n<td style=\"height: 23px;\">&#8211;<\/td>\n<td style=\"height: 23px;\">12200002<\/td>\n<td style=\"height: 23px;\">&#8211;<\/td>\n<td style=\"height: 23px;\">&#8211;<\/td>\n<\/tr>\n<tr style=\"height: 23px;\">\n<td style=\"height: 23px;\">Kunststoffnagel<\/td>\n<td style=\"height: 23px;\">&#8211;<\/td>\n<td style=\"height: 23px;\">&#8211;<\/td>\n<td style=\"height: 23px;\">12200003<\/td>\n<td style=\"height: 23px;\">&#8211;<\/td>\n<td style=\"height: 23px;\">&#8211;<\/td>\n<\/tr>\n<tr style=\"height: 23px;\">\n<td style=\"height: 23px;\">Umlenkrolle<\/td>\n<td style=\"height: 23px;\">&#8211;<\/td>\n<td style=\"height: 23px;\">12200038<\/td>\n<td style=\"height: 23px;\">&#8211;<\/td>\n<td style=\"height: 23px;\">&#8211;<\/td>\n<td style=\"height: 23px;\">&#8211;<\/td>\n<\/tr>\n<tr style=\"height: 23px;\">\n<td style=\"height: 23px;\">Feststeller<\/td>\n<td style=\"height: 23px;\">&#8211;<\/td>\n<td style=\"height: 23px;\">12200044<\/td>\n<td style=\"height: 23px;\">&#8211;<\/td>\n<td style=\"height: 23px;\">&#8211;<\/td>\n<td style=\"height: 23px;\">&#8211;<\/td>\n<\/tr>\n<tr style=\"height: 23px;\">\n<td style=\"height: 23px;\">Schnurknopf<\/td>\n<td style=\"height: 23px;\">&#8211;<\/td>\n<td style=\"height: 23px;\">50000230<\/td>\n<td style=\"height: 23px;\">&#8211;<\/td>\n<td style=\"height: 23px;\">&#8211;<\/td>\n<td style=\"height: 23px;\">&#8211;<\/td>\n<\/tr>\n<tr style=\"height: 23px;\">\n<td style=\"height: 23px;\">Gro\u00dfe Wandbefestigung f\u00fcr Rahmenprofil<\/td>\n<td style=\"height: 23px;\">&#8211;<\/td>\n<td style=\"height: 23px;\">12200008<\/td>\n<td style=\"height: 23px;\">&#8211;<\/td>\n<td style=\"height: 23px;\">&#8211;<\/td>\n<td style=\"height: 23px;\">&#8211;<\/td>\n<\/tr>\n<tr style=\"height: 23px;\">\n<td style=\"height: 23px;\">Steckecke 90\u00b0 f\u00fcr Rahmenprofil<\/td>\n<td style=\"height: 23px;\">&#8211;<\/td>\n<td style=\"height: 23px;\">12200020<\/td>\n<td style=\"height: 23px;\">&#8211;<\/td>\n<td style=\"height: 23px;\">&#8211;<\/td>\n<td style=\"height: 23px;\">&#8211;<\/td>\n<\/tr>\n<tr style=\"height: 23px;\">\n<td style=\"height: 23px;\">Runde Steckecke f\u00fcr Rahmenprofil mit und ohne Flansch<\/td>\n<td style=\"height: 23px;\">&#8211;<\/td>\n<td style=\"height: 23px;\">12200016<\/td>\n<td style=\"height: 23px;\">&#8211;<\/td>\n<td style=\"height: 23px;\">&#8211;<\/td>\n<td style=\"height: 23px;\">&#8211;<\/td>\n<\/tr>\n<tr style=\"height: 23px;\">\n<td style=\"height: 23px;\">Runde Klebeecke f\u00fcr Rahmenprofil mit Flansch<\/td>\n<td style=\"height: 23px;\">&#8211;<\/td>\n<td style=\"height: 23px;\">12200010<\/td>\n<td style=\"height: 23px;\">&#8211;<\/td>\n<td style=\"height: 23px;\">&#8211;<\/td>\n<td style=\"height: 23px;\">&#8211;<\/td>\n<\/tr>\n<tr style=\"height: 23px;\">\n<td style=\"height: 23px;\">Runde Wandbefestigung f\u00fcr Rahmenprofil mit Flansch<\/td>\n<td style=\"height: 23px;\">&#8211;<\/td>\n<td style=\"height: 23px;\">12200012<\/td>\n<td style=\"height: 23px;\">&#8211;<\/td>\n<td style=\"height: 23px;\">&#8211;<\/td>\n<td style=\"height: 23px;\">&#8211;<\/td>\n<\/tr>\n<tr style=\"height: 23px;\">\n<td style=\"height: 23px;\">Unterlegscheibe gro\u00df 6,1 x 40 x 1,5 mm aus PP<\/td>\n<td style=\"height: 23px;\">12200203<\/td>\n<td style=\"height: 23px;\">12200230<\/td>\n<td style=\"height: 23px;\">&#8211;<\/td>\n<td style=\"height: 23px;\">12200139<\/td>\n<td style=\"height: 23px;\">12200143<\/td>\n<\/tr>\n<tr style=\"height: 23px;\">\n<td style=\"height: 23px;\">Eckverbinder<\/td>\n<td style=\"height: 23px;\">12200017<\/td>\n<td style=\"height: 23px;\">&#8211;<\/td>\n<td style=\"height: 23px;\">&#8211;<\/td>\n<td style=\"height: 23px;\">&#8211;<\/td>\n<td style=\"height: 23px;\">&#8211;<\/td>\n<\/tr>\n<tr style=\"height: 23px;\">\n<td style=\"height: 23px;\">Flachecke<\/td>\n<td style=\"height: 23px;\">12200138<\/td>\n<td style=\"height: 23px;\">&#8211;<\/td>\n<td style=\"height: 23px;\">&#8211;<\/td>\n<td style=\"height: 23px;\">&#8211;<\/td>\n<td style=\"height: 23px;\">&#8211;<\/td>\n<\/tr>\n<\/tbody>\n<\/table>\n<p class=\"table_info\">Ma\u00dfangaben in mm. Technische \u00c4nderungen vorbehalten \u2013 wei\u00df ~ RAL 9010 \u2013 hellgrau ~ RAL 7035 \u2013 grau ~ RAL 7001<\/p>\n<table>\n<tbody>\n<tr>\n<th>Bezeichnung<\/th>\n<th>Artikelnummer<\/th>\n<\/tr>\n<tr>\n<td>Motor (230 V \/ 50 Hz \/ IP 54)<\/td>\n<td>5000060<\/td>\n<\/tr>\n<\/tbody>\n<\/table>\n<p>&nbsp;<\/p>\n","protected":false},"excerpt":{"rendered":"<p>Bauelemente f\u00fcr die Lufttechnik Einzelteile Au\u00dfenwitterungs-Best\u00e4ndigkeit (UV-stabil) Einsetzbar in Temperaturbereichen von -30 \u00b0C bis +60 \u00b0C Spezifisch ausgelegte Konstruktion garantiert eine lange Lebensdauer Au\u00dfenwitterungs-Best\u00e4ndigkeit (UV-stabil) Hergestellt aus Qualit\u00e4tskunststoff mit positiver \u00d6kobilanz KunststoffstiftKunststoffnagelUmlenkrolleFeststeller &nbsp; Schnurkopfgr. Wandbefestig.Steckecke 90\u00b0runde Steckecke &nbsp; runde Klebeeckeru. Wandbefestig.UnterlegscheibeEckverbinder &nbsp; FlacheckeMotor &nbsp; Bezeichnung Artikelnummer Grau Hellgrau Wei\u00df Farblos Hellblau Kunststoffstift &#8211; &#8211; 12200002 [&hellip;]<\/p>\n","protected":false},"author":8,"featured_media":1761,"parent":218,"menu_order":20,"comment_status":"open","ping_status":"closed","template":"produktdetails.php","meta":{"ngg_post_thumbnail":0},"yst_prominent_words":[138,94,208,201,230,213,207,211,210,188,200,177,205,204,203,206,202,212,209,199],"_links":{"self":[{"href":"https:\/\/www.getair.eu\/klima-agrar-industrie\/wp-json\/wp\/v2\/pages\/948"}],"collection":[{"href":"https:\/\/www.getair.eu\/klima-agrar-industrie\/wp-json\/wp\/v2\/pages"}],"about":[{"href":"https:\/\/www.getair.eu\/klima-agrar-industrie\/wp-json\/wp\/v2\/types\/page"}],"author":[{"embeddable":true,"href":"https:\/\/www.getair.eu\/klima-agrar-industrie\/wp-json\/wp\/v2\/users\/8"}],"replies":[{"embeddable":true,"href":"https:\/\/www.getair.eu\/klima-agrar-industrie\/wp-json\/wp\/v2\/comments?post=948"}],"version-history":[{"count":41,"href":"https:\/\/www.getair.eu\/klima-agrar-industrie\/wp-json\/wp\/v2\/pages\/948\/revisions"}],"predecessor-version":[{"id":3097,"href":"https:\/\/www.getair.eu\/klima-agrar-industrie\/wp-json\/wp\/v2\/pages\/948\/revisions\/3097"}],"up":[{"embeddable":true,"href":"https:\/\/www.getair.eu\/klima-agrar-industrie\/wp-json\/wp\/v2\/pages\/218"}],"wp:featuredmedia":[{"embeddable":true,"href":"https:\/\/www.getair.eu\/klima-agrar-industrie\/wp-json\/wp\/v2\/media\/1761"}],"wp:attachment":[{"href":"https:\/\/www.getair.eu\/klima-agrar-industrie\/wp-json\/wp\/v2\/media?parent=948"}],"wp:term":[{"taxonomy":"yst_prominent_words","embeddable":true,"href":"https:\/\/www.getair.eu\/klima-agrar-industrie\/wp-json\/wp\/v2\/yst_prominent_words?post=948"}],"curies":[{"name":"wp","href":"https:\/\/api.w.org\/{rel}","templated":true}]}}