{"id":31736,"date":"2019-08-22T14:15:07","date_gmt":"2019-08-22T12:15:07","guid":{"rendered":"https:\/\/www.getair.eu\/datenschutz-smartcontrol\/"},"modified":"2025-10-27T12:38:02","modified_gmt":"2025-10-27T11:38:02","slug":"datenschutz-smartcontrol","status":"publish","type":"page","link":"https:\/\/www.getair.eu\/pl\/datenschutz-smartcontrol\/","title":{"rendered":"Datenschutz SmartControl"},"content":{"rendered":"<h1 style=\"text-align: center;\">O\u015bwiadczenie o ochronie danych osobowych<\/h1>\n<hr \/>\n<div class=\"brlbs-cmpnt-container brlbs-cmpnt-content-blocker brlbs-cmpnt-with-individual-styles\" data-borlabs-cookie-content-blocker-id=\"default\" data-borlabs-cookie-content=\"PGlmcmFtZSANCiAgICBzcmM9Imh0dHBzOi8vbGVnYWwtcG9saWNpZXMuZ2V0YWlyLmV1L2FwcC9kYXRhcHJvdGVjdGlvbi5waHA\/bGFuZz1lbi1lbiZvZW09Z2EiDQogICAgd2lkdGg9IjEwMCUiIA0KICAgIGhlaWdodD0iMzUwMHB4Ig0KICAgIHN0eWxlPSJib3JkZXI6IG5vbmU7Ij4NCjwvaWZyYW1lPg==\">\n<div class=\"brlbs-cmpnt-cb-preset-a\">\n<p class=\"brlbs-cmpnt-cb-description\">Aktualnie wy\u015bwietlana jest tre\u015b\u0107 zast\u0119pcza z <strong>Domy\u015blne<\/strong>. Aby uzyska\u0107 dost\u0119p do rzeczywistej tre\u015bci, kliknij poni\u017cszy przycisk. Pami\u0119taj, \u017ce spowoduje to udost\u0119pnienie danych zewn\u0119trznym operatorom.<\/p>\n<div class=\"brlbs-cmpnt-cb-buttons\"> <a class=\"brlbs-cmpnt-cb-btn\" href=\"#\" data-borlabs-cookie-unblock role=\"button\">Odblokuj tre\u015b\u0107<\/a> <a class=\"brlbs-cmpnt-cb-btn\" href=\"#\" data-borlabs-cookie-accept-service role=\"button\" style=\"display: none\">Zaakceptuj wymagan\u0105 us\u0142ug\u0119 i odblokuj tre\u015bci<\/a> <\/div>\n<p> <a class=\"brlbs-cmpnt-cb-provider-toggle\" href=\"#\" data-borlabs-cookie-show-provider-information role=\"button\">Wi\u0119cej informacji<\/a> <\/div>\n<\/div>\n","protected":false},"excerpt":{"rendered":"<p>O\u015bwiadczenie o ochronie danych osobowych Aktualnie wy\u015bwietlana jest tre\u015b\u0107 zast\u0119pcza z Domy\u015blne. Aby uzyska\u0107 dost\u0119p do rzeczywistej tre\u015bci, kliknij poni\u017cszy przycisk. Pami\u0119taj, \u017ce spowoduje to udost\u0119pnienie danych zewn\u0119trznym operatorom. Odblokuj tre\u015b\u0107 Zaakceptuj wymagan\u0105 us\u0142ug\u0119 i odblokuj tre\u015bci Wi\u0119cej informacji<\/p>\n","protected":false},"author":3,"featured_media":0,"parent":0,"menu_order":40,"comment_status":"closed","ping_status":"closed","template":"","meta":{"footnotes":""},"class_list":["post-31736","page","type-page","status-publish","hentry"],"_links":{"self":[{"href":"https:\/\/www.getair.eu\/pl\/wp-json\/wp\/v2\/pages\/31736","targetHints":{"allow":["GET"]}}],"collection":[{"href":"https:\/\/www.getair.eu\/pl\/wp-json\/wp\/v2\/pages"}],"about":[{"href":"https:\/\/www.getair.eu\/pl\/wp-json\/wp\/v2\/types\/page"}],"author":[{"embeddable":true,"href":"https:\/\/www.getair.eu\/pl\/wp-json\/wp\/v2\/users\/3"}],"replies":[{"embeddable":true,"href":"https:\/\/www.getair.eu\/pl\/wp-json\/wp\/v2\/comments?post=31736"}],"version-history":[{"count":1,"href":"https:\/\/www.getair.eu\/pl\/wp-json\/wp\/v2\/pages\/31736\/revisions"}],"predecessor-version":[{"id":31754,"href":"https:\/\/www.getair.eu\/pl\/wp-json\/wp\/v2\/pages\/31736\/revisions\/31754"}],"wp:attachment":[{"href":"https:\/\/www.getair.eu\/pl\/wp-json\/wp\/v2\/media?parent=31736"}],"curies":[{"name":"wp","href":"https:\/\/api.w.org\/{rel}","templated":true}]}}