{"id":31740,"date":"2019-08-22T14:15:07","date_gmt":"2019-08-22T12:15:07","guid":{"rendered":"https:\/\/www.getair.eu\/datenschutz-smartcontrol\/"},"modified":"2025-10-27T12:41:09","modified_gmt":"2025-10-27T11:41:09","slug":"datenschutz-smartcontrol","status":"publish","type":"page","link":"https:\/\/www.getair.eu\/sk\/datenschutz-smartcontrol\/","title":{"rendered":"Datenschutz SmartControl"},"content":{"rendered":"<h1 style=\"text-align: center;\">Vyhl\u00e1senie o ochrane osobn\u00fdch \u00fadajov<\/h1>\n<hr \/>\n<div class=\"brlbs-cmpnt-container brlbs-cmpnt-content-blocker brlbs-cmpnt-with-individual-styles\" data-borlabs-cookie-content-blocker-id=\"default\" data-borlabs-cookie-content=\"PGlmcmFtZSANCiAgICBzcmM9Imh0dHBzOi8vbGVnYWwtcG9saWNpZXMuZ2V0YWlyLmV1L2FwcC9kYXRhcHJvdGVjdGlvbi5waHA\/bGFuZz1lbi1lbiZvZW09Z2EiDQogICAgd2lkdGg9IjEwMCUiIA0KICAgIGhlaWdodD0iMzUwMHB4Ig0KICAgIHN0eWxlPSJib3JkZXI6IG5vbmU7Ij4NCjwvaWZyYW1lPg==\">\n<div class=\"brlbs-cmpnt-cb-preset-a\">\n<p class=\"brlbs-cmpnt-cb-description\">You are currently viewing a placeholder content from <strong>Default<\/strong>. To access the actual content, click the button below. Please note that doing so will share data with third-party providers.<\/p>\n<div class=\"brlbs-cmpnt-cb-buttons\"> <a class=\"brlbs-cmpnt-cb-btn\" href=\"#\" data-borlabs-cookie-unblock role=\"button\">Unblock content<\/a> <a class=\"brlbs-cmpnt-cb-btn\" href=\"#\" data-borlabs-cookie-accept-service role=\"button\" style=\"display: none\">Accept required service and unblock content<\/a> <\/div>\n<p> <a class=\"brlbs-cmpnt-cb-provider-toggle\" href=\"#\" data-borlabs-cookie-show-provider-information role=\"button\">More Information<\/a> <\/div>\n<\/div>\n","protected":false},"excerpt":{"rendered":"<p>Vyhl\u00e1senie o ochrane osobn\u00fdch \u00fadajov You are currently viewing a placeholder content from Default. To access the actual content, click the button below. Please note that doing so will share data with third-party providers. Unblock content Accept required service and unblock content More Information<\/p>\n","protected":false},"author":3,"featured_media":0,"parent":0,"menu_order":33,"comment_status":"closed","ping_status":"closed","template":"","meta":{"footnotes":""},"class_list":["post-31740","page","type-page","status-publish","hentry"],"_links":{"self":[{"href":"https:\/\/www.getair.eu\/sk\/wp-json\/wp\/v2\/pages\/31740","targetHints":{"allow":["GET"]}}],"collection":[{"href":"https:\/\/www.getair.eu\/sk\/wp-json\/wp\/v2\/pages"}],"about":[{"href":"https:\/\/www.getair.eu\/sk\/wp-json\/wp\/v2\/types\/page"}],"author":[{"embeddable":true,"href":"https:\/\/www.getair.eu\/sk\/wp-json\/wp\/v2\/users\/3"}],"replies":[{"embeddable":true,"href":"https:\/\/www.getair.eu\/sk\/wp-json\/wp\/v2\/comments?post=31740"}],"version-history":[{"count":1,"href":"https:\/\/www.getair.eu\/sk\/wp-json\/wp\/v2\/pages\/31740\/revisions"}],"predecessor-version":[{"id":31758,"href":"https:\/\/www.getair.eu\/sk\/wp-json\/wp\/v2\/pages\/31740\/revisions\/31758"}],"wp:attachment":[{"href":"https:\/\/www.getair.eu\/sk\/wp-json\/wp\/v2\/media?parent=31740"}],"curies":[{"name":"wp","href":"https:\/\/api.w.org\/{rel}","templated":true}]}}